{"id":420,"date":"2023-09-26T13:37:54","date_gmt":"2023-09-26T13:37:54","guid":{"rendered":"https:\/\/letsvisitperu.com\/br\/?page_id=420"},"modified":"2023-11-27T09:37:31","modified_gmt":"2023-11-27T09:37:31","slug":"index","status":"publish","type":"page","link":"https:\/\/letsvisitperu.com\/br\/","title":{"rendered":"index"},"content":{"rendered":"\n<div class=\"rank-math-html-sitemap\"><div class=\"rank-math-html-sitemap__section rank-math-html-sitemap__section--post-type rank-math-html-sitemap__section--page\"><h2 class=\"rank-math-html-sitemap__title\">Pages<\/h2><ul class=\"rank-math-html-sitemap__list\"><li class=\"rank-math-html-sitemap__item\"><a href=\"https:\/\/letsvisitperu.com\/br\/cassinos-online\/\" class=\"rank-math-html-sitemap__link\">Melhores Cassinos Online no Brasil 2024<\/a><\/li><li class=\"rank-math-html-sitemap__item\"><a href=\"https:\/\/letsvisitperu.com\/br\/sites-de-apostas\/\" class=\"rank-math-html-sitemap__link\">Melhores Sites de Apostas Esportivas no Brasil: Guia Completo<\/a><ul class=\"rank-math-html-sitemap__list\"><li class=\"rank-math-html-sitemap__item\"><a href=\"https:\/\/letsvisitperu.com\/br\/sites-de-apostas\/bet365-brasil\/\" class=\"rank-math-html-sitemap__link\">Revis\u00e3o da Bet365 Brasil<\/a><\/li><li class=\"rank-math-html-sitemap__item\"><a href=\"https:\/\/letsvisitperu.com\/br\/sites-de-apostas\/sportingbet-brasil\/\" class=\"rank-math-html-sitemap__link\">Revis\u00e3o da SportingBet Brasil<\/a><\/li><li class=\"rank-math-html-sitemap__item\"><a href=\"https:\/\/letsvisitperu.com\/br\/sites-de-apostas\/galera-bet\/\" class=\"rank-math-html-sitemap__link\">Avalia\u00e7\u00e3o da Galera Bet Brasil<\/a><\/li><li class=\"rank-math-html-sitemap__item\"><a href=\"https:\/\/letsvisitperu.com\/br\/sites-de-apostas\/1xbet-brasil\/\" class=\"rank-math-html-sitemap__link\">Avalia\u00e7\u00e3o da 1xbet Brasil | B\u00f4nus at\u00e9 1000%<\/a><\/li><li class=\"rank-math-html-sitemap__item\"><a href=\"https:\/\/letsvisitperu.com\/br\/sites-de-apostas\/estrela-bet\/\" class=\"rank-math-html-sitemap__link\">Revis\u00e3o da Estrela Bet: Apostas Esportivas e Cassino Online<\/a><\/li><li class=\"rank-math-html-sitemap__item\"><a href=\"https:\/\/letsvisitperu.com\/br\/sites-de-apostas\/betano-brasil\/\" class=\"rank-math-html-sitemap__link\">An\u00e1lise Completa da Betano Brasil: Experi\u00eancia de Apostas<\/a><\/li><li class=\"rank-math-html-sitemap__item\"><a href=\"https:\/\/letsvisitperu.com\/br\/sites-de-apostas\/dafabet-brasil\/\" class=\"rank-math-html-sitemap__link\">Avalia\u00e7\u00e3o Dafabet Brasil: Promo\u00e7\u00f5es Exclusivas<\/a><\/li><\/ul><\/li><li class=\"rank-math-html-sitemap__item\"><a href=\"https:\/\/letsvisitperu.com\/br\/cassinos-ao-vivo\/\" class=\"rank-math-html-sitemap__link\">Melhores Cassinos ao Vivo do Brasil<\/a><\/li><li class=\"rank-math-html-sitemap__item\"><a href=\"https:\/\/letsvisitperu.com\/br\/\" class=\"rank-math-html-sitemap__link\">index - Let&#039;s Visit Peru BR<\/a><\/li><\/ul><\/div><\/div>\n","protected":false},"excerpt":{"rendered":"","protected":false},"author":2,"featured_media":0,"parent":0,"menu_order":0,"comment_status":"closed","ping_status":"closed","template":"","meta":{"footnotes":""},"blocksy_meta":"","acf":[],"_links":{"self":[{"href":"https:\/\/letsvisitperu.com\/br\/wp-json\/wp\/v2\/pages\/420"}],"collection":[{"href":"https:\/\/letsvisitperu.com\/br\/wp-json\/wp\/v2\/pages"}],"about":[{"href":"https:\/\/letsvisitperu.com\/br\/wp-json\/wp\/v2\/types\/page"}],"author":[{"embeddable":true,"href":"https:\/\/letsvisitperu.com\/br\/wp-json\/wp\/v2\/users\/2"}],"replies":[{"embeddable":true,"href":"https:\/\/letsvisitperu.com\/br\/wp-json\/wp\/v2\/comments?post=420"}],"version-history":[{"count":2,"href":"https:\/\/letsvisitperu.com\/br\/wp-json\/wp\/v2\/pages\/420\/revisions"}],"predecessor-version":[{"id":422,"href":"https:\/\/letsvisitperu.com\/br\/wp-json\/wp\/v2\/pages\/420\/revisions\/422"}],"wp:attachment":[{"href":"https:\/\/letsvisitperu.com\/br\/wp-json\/wp\/v2\/media?parent=420"}],"curies":[{"name":"wp","href":"https:\/\/api.w.org\/{rel}","templated":true}]}}