{"id":420,"date":"2023-09-26T13:37:54","date_gmt":"2023-09-26T13:37:54","guid":{"rendered":"https:\/\/letsvisitperu.com\/esp\/?page_id=420"},"modified":"2024-08-26T07:14:26","modified_gmt":"2024-08-26T07:14:26","slug":"index","status":"publish","type":"page","link":"https:\/\/letsvisitperu.com\/esp\/","title":{"rendered":"index"},"content":{"rendered":"<div class=\"rank-math-html-sitemap\"><div class=\"rank-math-html-sitemap__section rank-math-html-sitemap__section--post-type rank-math-html-sitemap__section--page\"><h2 class=\"rank-math-html-sitemap__title\">P\u00e1ginas<\/h2><ul class=\"rank-math-html-sitemap__list\"><li class=\"rank-math-html-sitemap__item\"><a href=\"https:\/\/letsvisitperu.com\/esp\/casino-sin-licencia\/\" class=\"rank-math-html-sitemap__link\">10 Mejor Casino Sin Licencia Espa\u00f1a Febrero 2025<\/a> <span class=\"rank-math-html-sitemap__date\">(febrero 24, 2025)<\/span><\/li><li class=\"rank-math-html-sitemap__item\"><a href=\"https:\/\/letsvisitperu.com\/esp\/online-casino-bonus\/\" class=\"rank-math-html-sitemap__link\">Aprovecha el Mejor Online Casino Bonus para Maximizar tus Ganancias<\/a> <span class=\"rank-math-html-sitemap__date\">(diciembre 27, 2024)<\/span><\/li><li class=\"rank-math-html-sitemap__item\"><a href=\"https:\/\/letsvisitperu.com\/esp\/giros-gratis-por-registro-sin-deposito\/\" class=\"rank-math-html-sitemap__link\">Giros gratis por registro sin dep\u00f3sito: \u00a1Aprovecha esta oportunidad!<\/a> <span class=\"rank-math-html-sitemap__date\">(diciembre 27, 2024)<\/span><\/li><li class=\"rank-math-html-sitemap__item\"><a href=\"https:\/\/letsvisitperu.com\/esp\/bonos-de-bienvenida-sin-deposito\/\" class=\"rank-math-html-sitemap__link\">Bonos de bienvenida sin deposito: Mejores ofertas para apostar en 2024<\/a> <span class=\"rank-math-html-sitemap__date\">(diciembre 27, 2024)<\/span><\/li><li class=\"rank-math-html-sitemap__item\"><a href=\"https:\/\/letsvisitperu.com\/esp\/no-deposit-bonus\/\" class=\"rank-math-html-sitemap__link\">El Mejor No Deposit Bonus: Gu\u00eda para Jugadores en Casinos Online<\/a> <span class=\"rank-math-html-sitemap__date\">(diciembre 27, 2024)<\/span><\/li><li class=\"rank-math-html-sitemap__item\"><a href=\"https:\/\/letsvisitperu.com\/esp\/slots-espana\/\" class=\"rank-math-html-sitemap__link\">Los mejores slots Espa\u00f1a: gu\u00eda completa para jugar online seguro<\/a> <span class=\"rank-math-html-sitemap__date\">(diciembre 27, 2024)<\/span><\/li><li class=\"rank-math-html-sitemap__item\"><a href=\"https:\/\/letsvisitperu.com\/esp\/jugar-ruleta-online-dinero-real-2\/\" class=\"rank-math-html-sitemap__link\">Jugar ruleta online dinero real: Gu\u00eda para ganar en casinos virtuales<\/a> <span class=\"rank-math-html-sitemap__date\">(diciembre 27, 2024)<\/span><\/li><li class=\"rank-math-html-sitemap__item\"><a href=\"https:\/\/letsvisitperu.com\/esp\/casino-online-bono-bienvenida\/\" class=\"rank-math-html-sitemap__link\">Mejores Ofertas de Casino Online Bono Bienvenida en 2024<\/a> <span class=\"rank-math-html-sitemap__date\">(diciembre 27, 2024)<\/span><\/li><li class=\"rank-math-html-sitemap__item\"><a href=\"https:\/\/letsvisitperu.com\/esp\/casino-deposito-minimo-1\/\" class=\"rank-math-html-sitemap__link\">Los Mejores Casinos con Dep\u00f3sito M\u00ednimo 1 Euro para Jugar en L\u00ednea<\/a> <span class=\"rank-math-html-sitemap__date\">(diciembre 27, 2024)<\/span><\/li><li class=\"rank-math-html-sitemap__item\"><a href=\"https:\/\/letsvisitperu.com\/esp\/50-euros-por-registrarte\/\" class=\"rank-math-html-sitemap__link\">Consigue 50 euros por registrarte en los mejores casinos sin dep\u00f3sito<\/a> <span class=\"rank-math-html-sitemap__date\">(diciembre 27, 2024)<\/span><\/li><li class=\"rank-math-html-sitemap__item\"><a href=\"https:\/\/letsvisitperu.com\/esp\/casinos-online-fiables-en-espana\/\" class=\"rank-math-html-sitemap__link\">Los 10 mejores casinos online fiables en Espa\u00f1a: juega con confianza<\/a> <span class=\"rank-math-html-sitemap__date\">(diciembre 27, 2024)<\/span><\/li><li class=\"rank-math-html-sitemap__item\"><a href=\"https:\/\/letsvisitperu.com\/esp\/casino-online-espana-dinero-real\/\" class=\"rank-math-html-sitemap__link\">Casino Online Espa\u00f1a Dinero Real: Gu\u00eda de Apuestas Confiables<\/a> <span class=\"rank-math-html-sitemap__date\">(diciembre 27, 2024)<\/span><\/li><li class=\"rank-math-html-sitemap__item\"><a href=\"https:\/\/letsvisitperu.com\/esp\/bonos-apuestas\/\" class=\"rank-math-html-sitemap__link\">Los mejores bonos apuestas para 2024: Gu\u00eda completa y actualizada<\/a> <span class=\"rank-math-html-sitemap__date\">(diciembre 27, 2024)<\/span><\/li><li class=\"rank-math-html-sitemap__item\"><a href=\"https:\/\/letsvisitperu.com\/esp\/bono-casino\/\" class=\"rank-math-html-sitemap__link\">Aprovecha el mejor bono casino y aumenta tus ganancias hoy mismo<\/a> <span class=\"rank-math-html-sitemap__date\">(diciembre 27, 2024)<\/span><\/li><li class=\"rank-math-html-sitemap__item\"><a href=\"https:\/\/letsvisitperu.com\/esp\/casinos-bonos-bienvenida-gratis-sin-deposito\/\" class=\"rank-math-html-sitemap__link\">Los mejores casinos bonos bienvenida gratis sin dep\u00f3sito para jugar<\/a> <span class=\"rank-math-html-sitemap__date\">(diciembre 27, 2024)<\/span><\/li><li class=\"rank-math-html-sitemap__item\"><a href=\"https:\/\/letsvisitperu.com\/esp\/bono-casino-sin-deposito\/\" class=\"rank-math-html-sitemap__link\">Bonos de casino sin dep\u00f3sito: Gu\u00eda para aprovechar al m\u00e1ximo tu juego<\/a> <span class=\"rank-math-html-sitemap__date\">(diciembre 27, 2024)<\/span><\/li><li class=\"rank-math-html-sitemap__item\"><a href=\"https:\/\/letsvisitperu.com\/esp\/bono-sin-deposito-casino\/\" class=\"rank-math-html-sitemap__link\">Gu\u00eda Completa del Bono Sin Dep\u00f3sito Casino: Mejores Opciones 2024<\/a> <span class=\"rank-math-html-sitemap__date\">(diciembre 27, 2024)<\/span><\/li><li class=\"rank-math-html-sitemap__item\"><a href=\"https:\/\/letsvisitperu.com\/esp\/bingo-25-euros-gratis\/\" class=\"rank-math-html-sitemap__link\">Bingo 25 Euros Gratis: Disfruta Sin Dep\u00f3sito en Tu Casino Favorito<\/a> <span class=\"rank-math-html-sitemap__date\">(diciembre 23, 2024)<\/span><\/li><li class=\"rank-math-html-sitemap__item\"><a href=\"https:\/\/letsvisitperu.com\/esp\/jugar-ruleta-online-dinero-real\/\" class=\"rank-math-html-sitemap__link\">Jugar ruleta online dinero real: Gu\u00eda para ganar en casinos virtuales<\/a> <span class=\"rank-math-html-sitemap__date\">(diciembre 23, 2024)<\/span><\/li><li class=\"rank-math-html-sitemap__item\"><a href=\"https:\/\/letsvisitperu.com\/esp\/top-slots-espana-mejores-juegos-de-tragaperras-online-2024\/\" class=\"rank-math-html-sitemap__link\">Los mejores slots Espa\u00f1a: gu\u00eda completa para jugar online seguro<\/a> <span class=\"rank-math-html-sitemap__date\">(diciembre 23, 2024)<\/span><\/li><li class=\"rank-math-html-sitemap__item\"><a href=\"https:\/\/letsvisitperu.com\/esp\/top-casinos-con-giros-gratis-por-registro-sin-deposito-en-2024-%f0%9f%8e%b0\/\" class=\"rank-math-html-sitemap__link\">Giros gratis por registro sin dep\u00f3sito: \u00a1Aprovecha esta oportunidad!<\/a> <span class=\"rank-math-html-sitemap__date\">(diciembre 23, 2024)<\/span><\/li><li class=\"rank-math-html-sitemap__item\"><a href=\"https:\/\/letsvisitperu.com\/esp\/descubre-los-mejores-online-casino-bonus-de-2024\/\" class=\"rank-math-html-sitemap__link\">Aprovecha el Mejor Online Casino Bonus para Maximizar tus Ganancias<\/a> <span class=\"rank-math-html-sitemap__date\">(diciembre 23, 2024)<\/span><\/li><li class=\"rank-math-html-sitemap__item\"><a href=\"https:\/\/letsvisitperu.com\/esp\/casinos-online-espana\/\" class=\"rank-math-html-sitemap__link\">Mejores Casinos Online Espa\u00f1a | Juegos y Premios 2024<\/a> <span class=\"rank-math-html-sitemap__date\">(diciembre 23, 2024)<\/span><\/li><li class=\"rank-math-html-sitemap__item\"><a href=\"https:\/\/letsvisitperu.com\/esp\/tragaperras-online-dinero-real\/\" class=\"rank-math-html-sitemap__link\">C\u00f3mo Jugar a Tragaperras Online con Dinero Real<\/a> <span class=\"rank-math-html-sitemap__date\">(agosto 23, 2024)<\/span><\/li><li class=\"rank-math-html-sitemap__item\"><a href=\"https:\/\/letsvisitperu.com\/esp\/ruleta-americana\/\" class=\"rank-math-html-sitemap__link\">Ruleta Americana: Reglas y Estrategias<\/a> <span class=\"rank-math-html-sitemap__date\">(agosto 23, 2024)<\/span><\/li><li class=\"rank-math-html-sitemap__item\"><a href=\"https:\/\/letsvisitperu.com\/esp\/opinion-de-spinanga\/\" class=\"rank-math-html-sitemap__link\">Opini\u00f3n de Spinanga: An\u00e1lisis Completo<\/a> <span class=\"rank-math-html-sitemap__date\">(agosto 23, 2024)<\/span><\/li><li class=\"rank-math-html-sitemap__item\"><a href=\"https:\/\/letsvisitperu.com\/esp\/opinion-de-nomini\/\" class=\"rank-math-html-sitemap__link\">Opini\u00f3n de Nomini: Seguridad y Variedad de Juegos<\/a> <span class=\"rank-math-html-sitemap__date\">(agosto 23, 2024)<\/span><\/li><li class=\"rank-math-html-sitemap__item\"><a href=\"https:\/\/letsvisitperu.com\/esp\/opinion-de-megapari\/\" class=\"rank-math-html-sitemap__link\">Opini\u00f3n de Megapari: \u00bfVale la Pena?<\/a> <span class=\"rank-math-html-sitemap__date\">(agosto 23, 2024)<\/span><\/li><li class=\"rank-math-html-sitemap__item\"><a href=\"https:\/\/letsvisitperu.com\/esp\/opinion-de-casinia\/\" class=\"rank-math-html-sitemap__link\">Opini\u00f3n de Casinia: Pros y Contras<\/a> <span class=\"rank-math-html-sitemap__date\">(agosto 23, 2024)<\/span><\/li><li class=\"rank-math-html-sitemap__item\"><a href=\"https:\/\/letsvisitperu.com\/esp\/opinion-de-bankonbet\/\" class=\"rank-math-html-sitemap__link\">Opini\u00f3n de Bankonbet: Bonos y Seguridad<\/a> <span class=\"rank-math-html-sitemap__date\">(agosto 23, 2024)<\/span><\/li><li class=\"rank-math-html-sitemap__item\"><a href=\"https:\/\/letsvisitperu.com\/esp\/opinion-de-22bet\/\" class=\"rank-math-html-sitemap__link\">Opini\u00f3n de 22Bet: \u00bfVale la Pena?<\/a> <span class=\"rank-math-html-sitemap__date\">(agosto 23, 2024)<\/span><\/li><li class=\"rank-math-html-sitemap__item\"><a href=\"https:\/\/letsvisitperu.com\/esp\/opinion-de-20bet\/\" class=\"rank-math-html-sitemap__link\">Opini\u00f3n de 20Bet: An\u00e1lisis Completo<\/a> <span class=\"rank-math-html-sitemap__date\">(agosto 23, 2024)<\/span><\/li><li class=\"rank-math-html-sitemap__item\"><a href=\"https:\/\/letsvisitperu.com\/esp\/nuevos-casinos-online\/\" class=\"rank-math-html-sitemap__link\">Casinos Online Nuevos en 2024: Seguridad, Bonos y Rese\u00f1as<\/a> <span class=\"rank-math-html-sitemap__date\">(agosto 23, 2024)<\/span><\/li><li class=\"rank-math-html-sitemap__item\"><a href=\"https:\/\/letsvisitperu.com\/esp\/bonos\/\" class=\"rank-math-html-sitemap__link\">Bonos de Casino: Tipos y Consejos<\/a> <span class=\"rank-math-html-sitemap__date\">(agosto 23, 2024)<\/span><ul class=\"rank-math-html-sitemap__list\"><li class=\"rank-math-html-sitemap__item\"><a href=\"https:\/\/letsvisitperu.com\/esp\/bonos\/bonos-gratis-sin-deposito-espana\/\" class=\"rank-math-html-sitemap__link\">Bonos de Bienvenida Gratis sin Dep\u00f3sito en Espa\u00f1a<\/a> <span class=\"rank-math-html-sitemap__date\">(agosto 23, 2024)<\/span><\/li><li class=\"rank-math-html-sitemap__item\"><a href=\"https:\/\/letsvisitperu.com\/esp\/bonos\/5-euros-gratis-por-registrarte-en-casinos\/\" class=\"rank-math-html-sitemap__link\">5 Euros Gratis por Registrarte en Casinos Online de Espa\u00f1a<\/a> <span class=\"rank-math-html-sitemap__date\">(agosto 23, 2024)<\/span><\/li><li class=\"rank-math-html-sitemap__item\"><a href=\"https:\/\/letsvisitperu.com\/esp\/bonos\/50-euros-por-registrarte-en-casinos\/\" class=\"rank-math-html-sitemap__link\">50 Euros por Registrarte en Casinos<\/a> <span class=\"rank-math-html-sitemap__date\">(agosto 23, 2024)<\/span><\/li><li class=\"rank-math-html-sitemap__item\"><a href=\"https:\/\/letsvisitperu.com\/esp\/bonos\/20-euros-gratis-sin-deposito-espana\/\" class=\"rank-math-html-sitemap__link\">Casinos con 20 Euros Gratis sin Dep\u00f3sito en Espa\u00f1a<\/a> <span class=\"rank-math-html-sitemap__date\">(agosto 23, 2024)<\/span><\/li><li class=\"rank-math-html-sitemap__item\"><a href=\"https:\/\/letsvisitperu.com\/esp\/bonos\/10-euros-gratis-sin-deposito\/\" class=\"rank-math-html-sitemap__link\">10 Euros Gratis Sin Dep\u00f3sito en Casinos Online<\/a> <span class=\"rank-math-html-sitemap__date\">(agosto 23, 2024)<\/span><\/li><li class=\"rank-math-html-sitemap__item\"><a href=\"https:\/\/letsvisitperu.com\/esp\/bonos\/25-giros-gratis-sin-deposito\/\" class=\"rank-math-html-sitemap__link\">25 Giros Gratis Sin Dep\u00f3sito en Casinos Online<\/a> <span class=\"rank-math-html-sitemap__date\">(agosto 23, 2024)<\/span><\/li><li class=\"rank-math-html-sitemap__item\"><a href=\"https:\/\/letsvisitperu.com\/esp\/bonos\/casinos-con-deposito-minimo-de-1\/\" class=\"rank-math-html-sitemap__link\">Casinos con Dep\u00f3sito M\u00ednimo de 1\u20ac<\/a> <span class=\"rank-math-html-sitemap__date\">(agosto 23, 2024)<\/span><\/li><\/ul><\/li><li class=\"rank-math-html-sitemap__item\"><a href=\"https:\/\/letsvisitperu.com\/esp\/cripto-casinos-espana\/\" class=\"rank-math-html-sitemap__link\">Gu\u00eda de Cripto Casinos: Mejores Opciones en 2024<\/a> <span class=\"rank-math-html-sitemap__date\">(agosto 23, 2024)<\/span><\/li><li class=\"rank-math-html-sitemap__item\"><a href=\"https:\/\/letsvisitperu.com\/esp\/mejores-casinos-espana\/\" class=\"rank-math-html-sitemap__link\">Mejores Casinos en Espa\u00f1a: Seguridad, Bonos y Estrategias<\/a> <span class=\"rank-math-html-sitemap__date\">(agosto 23, 2024)<\/span><\/li><li class=\"rank-math-html-sitemap__item\"><a href=\"https:\/\/letsvisitperu.com\/esp\/\" class=\"rank-math-html-sitemap__link\">index<\/a> <span class=\"rank-math-html-sitemap__date\">(septiembre 26, 2023)<\/span><\/li><li class=\"rank-math-html-sitemap__item\"><a href=\"https:\/\/letsvisitperu.com\/esp\/sitemap\/\" class=\"rank-math-html-sitemap__link\">Sitemap<\/a> <span class=\"rank-math-html-sitemap__date\">(septiembre 22, 2023)<\/span><\/li><\/ul><\/div><\/div>\n","protected":false},"excerpt":{"rendered":"","protected":false},"author":2,"featured_media":0,"parent":0,"menu_order":0,"comment_status":"closed","ping_status":"closed","template":"","meta":{"footnotes":""},"blocksy_meta":"","acf":[],"_links":{"self":[{"href":"https:\/\/letsvisitperu.com\/esp\/wp-json\/wp\/v2\/pages\/420"}],"collection":[{"href":"https:\/\/letsvisitperu.com\/esp\/wp-json\/wp\/v2\/pages"}],"about":[{"href":"https:\/\/letsvisitperu.com\/esp\/wp-json\/wp\/v2\/types\/page"}],"author":[{"embeddable":true,"href":"https:\/\/letsvisitperu.com\/esp\/wp-json\/wp\/v2\/users\/2"}],"replies":[{"embeddable":true,"href":"https:\/\/letsvisitperu.com\/esp\/wp-json\/wp\/v2\/comments?post=420"}],"version-history":[{"count":11,"href":"https:\/\/letsvisitperu.com\/esp\/wp-json\/wp\/v2\/pages\/420\/revisions"}],"predecessor-version":[{"id":1053,"href":"https:\/\/letsvisitperu.com\/esp\/wp-json\/wp\/v2\/pages\/420\/revisions\/1053"}],"wp:attachment":[{"href":"https:\/\/letsvisitperu.com\/esp\/wp-json\/wp\/v2\/media?parent=420"}],"curies":[{"name":"wp","href":"https:\/\/api.w.org\/{rel}","templated":true}]}}