{"id":143,"date":"1970-01-01T00:00:00","date_gmt":"1970-01-01T00:00:00","guid":{"rendered":"https:\/\/letsvisitperu.com\/pe\/?page_id=143"},"modified":"2023-11-10T12:05:17","modified_gmt":"2023-11-10T12:05:17","slug":"casino-en-vivo","status":"publish","type":"page","link":"https:\/\/letsvisitperu.com\/pe\/casino-en-vivo\/","title":{"rendered":"casino-en-vivo"},"content":{"rendered":"\n<p>Los&nbsp;<strong>casinos en vivo<\/strong>&nbsp;se han convertido en una alternativa perfecta para quienes disfrutan de la experiencia real de los casinos f\u00edsicos sin tener que salir de casa o desde cualquier lugar del mundo.<\/p>\n\n\n\n<p>Los peruanos no se encuentran exentos de su atractivo y se encuentran en la b\u00fasqueda del mejor&nbsp;<strong>casino en vivo Per\u00fa<\/strong>.<\/p>\n\n\n\n<p>Si eres uno de ellos y deseas saber todo acerca de los casinos en vivo Per\u00fa, te invitamos a seguir con la lectura.<\/p>\n\n\n\n<h2 class=\"wp-block-heading\">MEJOR CASINO EN VIVO EN PER\u00da<\/h2>\n\n\n<p><casino-toplist-AEqG54h4Upi4tIc2><\/casino-toplist-AEqG54h4Upi4tIc2><\/p>\n\n\n\n<div><casino-toplist-734go6VJonPkkuk7><\/casino-toplist-734go6VJonPkkuk7><\/div><h2 class=\"wp-block-heading\"><strong>\u00bfQU\u00c9 SON LOS CASINOS EN VIVO?<\/strong><\/h2>\n\n\n\n<p>Los <a href=\"https:\/\/letsvisitperu.com\/pe\/casinos-online\/\" data-type=\"page\" data-id=\"183\">casinos online<\/a> lograron atraer la atenci\u00f3n de millones de jugadores y apostadores, quienes pod\u00edan probar suerte y ganar dinero desde cualquier lugar del mundo. No obstante, la experiencia era incapaz de igualar esa adrenalina que genera los casinos tradicionales, ya que los juegos son manipulados por generadores de n\u00fameros aleatorios y software.<\/p>\n\n\n\n<p>Es aqu\u00ed donde llegan los&nbsp;<strong>casinos en vivo<\/strong>, este servicio es ofrecido por los casinos online, en donde&nbsp;<strong>los jugadores pueden apreciar desde sus pantallas un crupier real<\/strong>, quien desde su mesa proceder\u00e1 a realizar todo el trabajo, es decir, repartir cartas, girar la ruleta, todo de acuerdo al juego al cual hayan ingresado. Todo este proceso es trasmitido empleando la tecnolog\u00eda streaming lo que garantiza que cada movimiento se muestre en tiempo real.<\/p>\n\n\n\n<p><strong>El casino en vivo proporciona lo mejor de ambos mundos<\/strong>, la experiencia y emoci\u00f3n de jugar con un crupier e incluso jugadores reales y la comodidad de poder participar desde donde se desee, en cualquier momento y sin tener que respetar alg\u00fan reglamento de vestimenta.<\/p>\n\n\n\n<p>Los&nbsp;<strong>casinos en vivo Per\u00fa<\/strong>&nbsp;son una alternativa que ha logrado captar a muchos jugadores potenciales, ya que adem\u00e1s la tecnolog\u00eda ha permitido disfrutar de esta experiencia no solo desde el computador, sino tambi\u00e9n desde dispositivos m\u00f3viles y Tablet, todo depender\u00e1 del casino en vivo Per\u00fa que elija.<\/p>\n\n\n\n<p><strong>Los casinos en vivo se encuentran en su m\u00e1ximo apogeo<\/strong>, en especial gracias a la situaci\u00f3n de aislamiento que ha atravesado la poblaci\u00f3n llevando a muchos a buscar la mejor alternativa para disfrutar de experiencias recreativas y escapar por breves momentos de la realidad. Siempre de forma sana.<\/p>\n\n\n\n<h2 class=\"wp-block-heading\"><strong>DEALERS DE CASINO EN VIVO: \u00bfC\u00d3MO JUGAR CON ELLOS?<\/strong><\/h2>\n\n\n\n<p>Los Dealers o crupieres tienen un papel crucial dentro del casino en vivo y son estos los encargados de acercar al jugador lo m\u00e1s posible a la experiencia de un casino tradicional.<\/p>\n\n\n\n<h3 class=\"wp-block-heading\"><strong>CRUPIERES EN LOS CASINOS EN VIVO<\/strong><\/h3>\n\n\n\n<p>Tienen como&nbsp;<strong>funci\u00f3n principal desarrollar los diferentes juegos de mesa<\/strong>, cumpliendo el mismo papel que desempe\u00f1an los crupieres tradicionales. Es decir: repartir las cartas, proporcionar ayuda y asistencia a los jugadores, girar la ruleta, etc. Todo depender\u00e1 del tipo de juego que se est\u00e9 desarrollando.<\/p>\n\n\n\n<h3 class=\"wp-block-heading\"><strong>INTERACCI\u00d3N ENTRE LOS JUGADORES Y LOS CRUPIERES<\/strong><\/h3>\n\n\n\n<p><strong>La interacci\u00f3n en los casinos en vivo, entre los jugadores y los crupieres<\/strong>&nbsp;depender\u00e1 exclusivamente de la tecnolog\u00eda que maneje el casino online. Cuando se dio inicio a este tipo de experiencia los jugadores s\u00f3lo pod\u00edan comunicarse con el crupier por medio de un chat, sin embargo, hoy en d\u00eda es posible para los jugadores comunicarse empleando su voz.<\/p>\n\n\n\n<p>Usualmente el crupier no se comunicar\u00e1 a menos que sea necesario, para dar la bienvenida a los jugadores,&nbsp;<strong>explicar la din\u00e1mica del juego<\/strong>&nbsp;y de ser requerido durante el desarrollo del mismo. Sin embargo, los desarrolladores se encuentran en la labor de mejorar a\u00fan m\u00e1s la experiencia y hacerla cada vez m\u00e1s realista.<\/p>\n\n\n\n<h3 class=\"wp-block-heading\"><strong>ENTORNO DE LOS CASINOS EN VIVO<\/strong><\/h3>\n\n\n\n<p>Algunos casinos online, que adem\u00e1s disponen de casinos f\u00edsicos suelen desarrollar sus juegos en salas privadas del mismo, sin embargo, con el fin de brindarle la mayor calidad, los mejores gr\u00e1ficos y una experiencia inigualable a sus jugadores, algunos casinos optan por establecer estudios de grabaci\u00f3n.<\/p>\n\n\n\n<p>Estos estudios&nbsp;<strong>disponen de los mejores equipos de grabaci\u00f3n<\/strong>&nbsp;e iluminaci\u00f3n para proporcionar im\u00e1genes de calidad. Cabe destacar adem\u00e1s que el jugador tiene un papel importante en la calidad de la ejecuci\u00f3n audiovisual ya que se requiere de un servicio de internet \u00f3ptimo que supere los 256 kb\/s, de lo contrario es posible que se aprecien ciertos atrasos durante la transmisi\u00f3n.<\/p>\n\n\n\n<h3 class=\"wp-block-heading\"><strong>CROUPIERS EN VIVO VS. JUEGOS DE CASINO NORMALES<\/strong><\/h3>\n\n\n\n<figure class=\"wp-block-table\"><table><tbody><tr><td><strong>Croupiers en vivo<\/strong><\/td><td><strong>Casinos normales<\/strong><\/td><\/tr><tr><td>Comodidad a la hora de vestir<\/td><td>Suele requerir cierto nivel de etiqueta<\/td><\/tr><tr><td>El jugador elige si quiere ser visto en pantalla<\/td><td>Debe compartir espacio con el crupier y otros jugadores<\/td><\/tr><tr><td>Pocas o ninguna probabilidad de enga\u00f1os<\/td><td>Posibilidad de enga\u00f1os por ambas partes<\/td><\/tr><tr><td>Puede participar desde cualquier lugar<\/td><td>Debe acudir al establecimiento f\u00edsico<\/td><\/tr><tr><td>M\u00faltiples modalidades de pago<\/td><td>Limitadas formas de pago<\/td><\/tr><tr><td>Conocer personas de todo el mundo<\/td><td>Menos posibilidades de enriquecimiento cultural.<\/td><\/tr><\/tbody><\/table><\/figure>\n\n\n\n<h2 class=\"wp-block-heading\"><strong>JUEGOS DE CASINO CON CRUPIER EN VIVO<\/strong><\/h2>\n\n\n\n<p>La disponibilidad de los juegos de mesa con crupier en vivo depender\u00e1 de cada casino, sin embargo, los juegos m\u00e1s importantes en esta modalidad son:<\/p>\n\n\n\n<h3 class=\"wp-block-heading\"><strong>BLACKJACK EN VIVO<\/strong><\/h3>\n\n\n\n<p>El <a href=\"https:\/\/letsvisitperu.com\/pe\/casino-en-vivo\/blackjack-en-vivo\/\" data-type=\"page\" data-id=\"142\">Blackjack online en vivo<\/a>, consiste en un juego de cartas donde el jugador deber\u00e1 con sus cartas\u00a0<strong>alcanzar un puntaje de 21\u00a0<\/strong>o acercarse lo m\u00e1s posible, sin pasarse de este total.<\/p>\n\n\n\n<p>Para ello el jugador deber\u00e1 integrarse a cualquiera de las mesas en vivo disponibles en el casino online. El crupier se encargar\u00e1 de otorgar dos cartas de inicio y esperar\u00e1 la reacci\u00f3n de cada jugador incorporado a la mesa.<\/p>\n\n\n\n<p>El jugador deber\u00e1 decidir si pedir m\u00e1s cartas, doblar la apuesta o plantarse. Ganar\u00e1 quien se acerque m\u00e1s al valor objetivo, en este caso 21.<\/p>\n\n\n\n<h3 class=\"wp-block-heading\"><strong>RULETA EN VIVO<\/strong><\/h3>\n\n\n\n<p>La <a href=\"https:\/\/letsvisitperu.com\/pe\/casino-en-vivo\/ruleta-en-vivo\/\" data-type=\"page\" data-id=\"140\">ruleta en vivo online<\/a>, sigue par\u00e1metros similares a la ruleta tradicional, las variaciones pueden surgir de acuerdo a las variantes en s\u00ed del juego, como son la ruleta americana, la europea y la francesa, encontrar\u00e1s casinos en vivo con cada una de ellas.<\/p>\n\n\n\n<p>La versi\u00f3n m\u00e1s conocida es la europea y consiste en una rueda divida en 37 casillas que van del n\u00famero 0, hasta el 36.<\/p>\n\n\n\n<p><strong>Los jugadores deber\u00e1n apostar, prediciendo en que casilla caer\u00e1 la bola<\/strong>. Una vez que todos los jugadores de la mesa realicen sus apuestas, el crupier se encargar\u00e1 de hacer girar la rueda, todos deber\u00e1n esperar que esta se detenga y caiga en una casilla.<\/p>\n\n\n\n<p>Ganar\u00e1 quien haya acertado.<\/p>\n\n\n\n<h3 class=\"wp-block-heading\"><strong>PUNTA Y BLANCA EN VIVO<\/strong><\/h3>\n\n\n\n<p><strong>Tambi\u00e9n conocido como el Baccarat<\/strong>, este juego de mesa consiste en que los jugadores deben alcanzan un total de nueve puntos en la sumatoria de sus cartas o lo m\u00e1s cercano a ello.<\/p>\n\n\n\n<p>El crupier se encargar\u00e1 de explicarlas reglas y repartir dos cartas a cada jugador y a la banca. Ganar\u00e1 quien alcance el 9 o m\u00e1s cercano, este puede ser la banca, el jugador o producirse un empate.<\/p>\n\n\n\n<h3 class=\"wp-block-heading\"><strong>CASINO HOLD\u00b4EM EN VIVO<\/strong><\/h3>\n\n\n\n<p>Conocido como una&nbsp;<strong>versi\u00f3n r\u00e1pida del juego de cartas p\u00f3ker Texas Hold\u00b4em<\/strong>. El juego se desarrolla con una apuesta inicial, el crupier otorga dos cartas ocultas a cada jugador y a s\u00ed mismo, luego procede a colocar tres cartas comunitarias.<\/p>\n\n\n\n<p>El crupier procede a realizar una apuesta y los jugadores deben decidir si retirarse o igualar la apuesta para acceder a las pr\u00f3ximas dos cartas comunitarias, ganar\u00e1 quien tenga la mejor mano.<\/p>\n\n\n\n<h2 class=\"wp-block-heading\"><strong>CONSEJOS PARA ELEGIR LOS MEJORES CASINOS EN VIVO<\/strong><\/h2>\n\n\n\n<p>Al participar en juegos de casino en vivo, es importante adoptar enfoques estrat\u00e9gicos y emplear t\u00e9cnicas efectivas para mejorar las posibilidades de una experiencia exitosa de juego. Para maximizar las ganancias, los jugadores deben considerar implementar ciertas estrategias para <a href=\"https:\/\/letsvisitperu.com\/pe\/casinos-online\/como-ganar-casino\/\" data-type=\"page\" data-id=\"475\">ganar en casino<\/a>. Una de estas estrategias es elegir cuidadosamente los juegos con las mejores probabilidades, como el blackjack o el baccarat, que tienen bordes de la casa m\u00e1s bajos. <\/p>\n\n\n\n<p>Adem\u00e1s, los jugadores deben familiarizarse con las reglas y estrategias del juego elegido para tomar decisiones informadas durante el juego. Gestionar adecuadamente el bankroll tambi\u00e9n es crucial. Esto implica establecer un presupuesto y ce\u00f1irse a \u00e9l, as\u00ed como determinar tama\u00f1os de apuesta apropiados en funci\u00f3n de los fondos disponibles. Al implementar estas estrategias y administrar su bankroll de manera inteligente, los jugadores pueden aumentar sus posibilidades de \u00e9xito en los juegos de casino en vivo.<\/p>\n\n\n\n<h3 class=\"wp-block-heading\">Elegir el casino adecuado<\/h3>\n\n\n\n<p>Seleccionar el casino en l\u00ednea adecuado es como navegar por un vasto mar de oportunidades, donde la consideraci\u00f3n cuidadosa de factores como la licencia, la reputaci\u00f3n, la variedad de juegos y la experiencia del usuario es crucial para garantizar un viaje satisfactorio. Al elegir un casino en vivo, evaluar los bonos de casino disponibles es un aspecto importante a considerar. Los bonos pueden proporcionar a los jugadores fondos adicionales para jugar, aumentando sus posibilidades de ganar. <\/p>\n\n\n\n<p>Es esencial leer cuidadosamente los t\u00e9rminos y condiciones asociados con estos bonos, incluidos los requisitos de apuesta y cualquier restricci\u00f3n en su uso. Adem\u00e1s, la disponibilidad de un soporte al cliente confiable es de suma importancia. Un casino en vivo de buena reputaci\u00f3n debe ofrecer m\u00faltiples canales de comunicaci\u00f3n, como chat en vivo, correo electr\u00f3nico y soporte telef\u00f3nico, para abordar cualquier consulta o inquietud que los jugadores puedan tener. El soporte al cliente r\u00e1pido y eficiente mejora la experiencia general y garantiza que los jugadores se sientan respaldados durante todo su viaje en el casino en vivo.<\/p>\n\n\n\n<h3 class=\"wp-block-heading\">DISPONIBILIDAD DE JUEGOS<\/h3>\n\n\n\n<p>Uno de los puntos m\u00e1s importante a evaluar al momento de&nbsp;<strong>seleccionar los mejores casinos en vivo Per\u00fa<\/strong>&nbsp;es verificando los juegos disponibles dentro de la plataforma con crupieres reales.<\/p>\n\n\n\n<p>Un casino online puede tener infinidad de juegos, pero aun en la actualidad, algunos no poseen la capacidad de ofrecer el servicio de streaming.<\/p>\n\n\n\n<p>Por ello, es recomendable antes de completar su registro, tomarse el tiempo de verificar que servicios ofrece, adem\u00e1s de disponer de casino en vivo, debe prestar atenci\u00f3n a cu\u00e1les son los juegos disponibles en esta modalidad y si son los que est\u00e1 buscando.<\/p>\n\n\n\n<h3 class=\"wp-block-heading\"><strong>M\u00c9TODOS DE PAGO DISPONIBLES<\/strong><\/h3>\n\n\n\n<p>Este punto resulta bastante interesante y cobra m\u00e1s relevancia en los pa\u00edses de Latinoam\u00e9rica, entre ellos, los&nbsp;<strong>casinos en vivo Per\u00fa<\/strong>. Si realiza el registro en un casino online sin verificar los m\u00e9todos de pago disponibles no solo para dep\u00f3sitos, sino tambi\u00e9n para retiros, corre el riesgo de perder su tiempo.<\/p>\n\n\n\n<p>Lo mejor es percatarse de las opciones disponible y si usted como jugador puede acceder a dichas opciones, de lo contrario, ser\u00e1 mejor buscar un casino con al menos un m\u00e9todo de pago factible para los jugadores peruanos. Las opciones de pago m\u00e1s comunes son\u00a0<strong><a href=\"https:\/\/letsvisitperu.com\/pe\/paypal\/\" data-type=\"page\" data-id=\"19\">PayPal<\/a>, Skrill, tarjetas de cr\u00e9dito, Neteller<\/strong>, etc.<\/p>\n\n\n\n<h3 class=\"wp-block-heading\"><strong>ACCESIBILIDAD<\/strong><\/h3>\n\n\n\n<p>En la \u00e9poca actual no resulta obligatorio ingresar a una computadora para acceder a los casinos en vivo Per\u00fa, la gran mayor\u00eda de estos sitios web ya han ajustado sus plataformas para que estas&nbsp;<strong>se adapten a dispositivos m\u00f3viles<\/strong>&nbsp;y tablets. De igual forma si has accedido por primera vez desde un computador, no est\u00e1 de m\u00e1s verificar el comportamiento del sitio desde un m\u00f3vil.<\/p>\n\n\n\n<p>Otro punto atractivo para los jugadores son aquellos casinos que disponen de su propia&nbsp;<strong>aplicaci\u00f3n m\u00f3vil<\/strong>, ya que resulta a\u00fan m\u00e1s accesible y c\u00f3modo para muchos jugadores, quienes suelen priorizar a los casinos en l\u00ednea que disponen de esta herramienta.<\/p>\n\n\n\n<h3 class=\"wp-block-heading\"><strong>SEGURIDAD<\/strong><\/h3>\n\n\n\n<p>Cuando hablamos de seguridad hacemos referencia a la licencia de estos casinos para operar en los diferentes pa\u00edses.<\/p>\n\n\n\n<p>Siempre es recomendable optar por estas opciones, ya que el acceder a casinos sin licencia expone a los jugadores a riesgos de estafas, sumado a ello de presentarse alguna problem\u00e1tica el jugador no contar\u00e1 con ning\u00fan respaldo legal que lo proteja.<\/p>\n\n\n\n<p>Para dar a conocer las licencias que poseen, usualmente,&nbsp;<strong>los casinos en l\u00ednea colocan dentro su plataforma los sellos relacionados con los entes encargados de otorgar la licencia<\/strong>&nbsp;y supervisar de forma regular su funcionamiento y la legalidad de sus operaciones. Mucha atenci\u00f3n a estos datos.<\/p>\n\n\n\n<h3 class=\"wp-block-heading\"><strong>ASISTENCIA Y ATENCI\u00d3N AL JUGADOR<\/strong><\/h3>\n\n\n\n<p>Otro aspecto relevante, es especial cuando se accede a casinos en vivo internacionales, es necesario verificar que disponga de asistencia en el pa\u00eds de procedencia del jugador, adem\u00e1s de constatar que se maneje el idioma de este.<\/p>\n\n\n\n<p>De lo contrario, ante alg\u00fan problema, los jugadores tendr\u00e1n mucha dificultad para obtener una soluci\u00f3n.<\/p>\n\n\n\n<p>Algunos casinos en vivo ofrecen asistencia a trav\u00e9s de&nbsp;<strong>chat en l\u00ednea<\/strong>, secciones de&nbsp;<strong>preguntas frecuentes<\/strong>, correos electr\u00f3nicos,&nbsp;<strong>buz\u00f3n directo<\/strong>&nbsp;en la plataforma, entre otros.<\/p>\n\n\n\n<p>No est\u00e1 de m\u00e1s verificar entre los comentarios de otros connacionales la eficiencia del servicio del casino en vivo al cual desea acceder.<\/p>\n\n\n\n<h2 class=\"wp-block-heading\"><strong>REGULACIONES DE LOS CASINOS EN VIVO EN PER\u00da<\/strong><\/h2>\n\n\n\n<p>Si bien desde 1999 en Per\u00fa se realizaban regulaciones en cuanto a los casinos, juegos y apuestas tradicionales, el mercado de los juegos online se encuentra bastante descuidado y es poco o nada la atenci\u00f3n que las entidades gubernamentales prestaban a este sector. Permitiendo, de esta manera, a los peruanos acceso a cualquier casino que consideran confiable.<\/p>\n\n\n\n<p>Sin embargo, es algo que ir\u00e1 cambiando paulatinamente, pues se ha determinado la gran cantidad de ingresos que genera este mercado y se est\u00e1 trabajando en legislaciones que permitan la regulaci\u00f3n de estas actividades.<\/p>\n\n\n\n<p>El&nbsp;<strong>MINCETUR<\/strong>&nbsp;es el ente encargado de dichas regulaciones, las cuales han iniciado con la&nbsp;<strong>Ley 31557<\/strong>.&nbsp;<strong>Ley que Regula<\/strong>&nbsp;la Explotaci\u00f3n de los Juegos a Distancia y Apuestas Deportivas a Distancia.<\/p>\n\n\n\n<h2 class=\"wp-block-heading\"><strong>PROVEEDORES POPULARES DE SOFTWARE PARA CASINOS EN VIVO EN PER\u00da<\/strong><\/h2>\n\n\n\n<p>Son muchos los&nbsp;<strong>proveedores de software para casinos en vivo en Per\u00fa<\/strong>.<\/p>\n\n\n\n<p>Sin embargo, algunos logran destacar por encima de otros gracias a su trayectoria y el reconocimiento que han ganado a lo largo de los a\u00f1os.<\/p>\n\n\n\n<p>Entre los proveedores que m\u00e1s destacan se encuentran:<\/p>\n\n\n\n<h3 class=\"wp-block-heading\"><strong>NETENT<\/strong><\/h3>\n\n\n\n<p>Es&nbsp;<strong>uno de los proveedores de juegos con mayor n\u00famero de reconocimientos<\/strong>&nbsp;internacionales obtenidos, los mejores casinos en vivo cuentan con alguno de sus productos.<\/p>\n\n\n\n<h3 class=\"wp-block-heading\"><strong>MICROGAMING<\/strong><\/h3>\n\n\n\n<p><strong>Un grande dentro de esta industria<\/strong>, ofrece gr\u00e1ficos de alta calidad, juegos innovadores, compatibles, capaces de ofrecer las mejores experiencias, son considerados pioneros en este mercado.<\/p>\n\n\n\n<h3 class=\"wp-block-heading\"><strong>EVOLUTION GAMING<\/strong><\/h3>\n\n\n\n<p>Uno de los proveedores en cuanto a juegos de casino en vivo, tienen en su haber grandes productos, donde se destacan <strong>los juegos de mesa como el Blackjack, la Ruleta y el Baccarat.<\/strong><\/p>\n\n\n\n<h3 class=\"wp-block-heading\"><strong>PLAYTECH<\/strong><\/h3>\n\n\n\n<p>Tiene en su haber un&nbsp;<strong>amplio repertorio de juegos que superan los 600<\/strong>&nbsp;de ellos, es una de las principales figuras en este sector, tambi\u00e9n se han permitido desarrollar en el campo de los juegos de casino en vivo, con crupieres reales, brindando calidad, ante todo, posicion\u00e1ndolo entre los mejores del mercado.<\/p>\n\n\n\n<h2 class=\"wp-block-heading\">Preguntas frecuentes<\/h2>\n\n\n\n<h3 class=\"wp-block-heading\">\u00bfC\u00f3mo se transmiten los juegos de casino en vivo a los jugadores?<\/h3>\n\n\n\n<p>Los juegos de casino en vivo se transmiten a los jugadores a trav\u00e9s de una red de sitios de casino utilizando c\u00e1maras web. Los jugadores pueden ver cada movimiento a trav\u00e9s de las c\u00e1maras web de alta definici\u00f3n, y sus acciones son registradas por sensores RFID y almacenadas en una base de datos en l\u00ednea. Los jugadores pueden interactuar con el juego a trav\u00e9s de una interfaz virtual para realizar sus apuestas.<\/p>\n\n\n\n<h3 class=\"wp-block-heading\">\u00bfCu\u00e1les son algunos problemas comunes que los jugadores pueden encontrar en casinos en vivo?<\/h3>\n\n\n\n<p>Problemas comunes que los jugadores pueden enfrentar en los casinos en vivo incluyen perder la conexi\u00f3n a internet, no poder usar bonos de bienvenida y experimentar fallas t\u00e9cnicas. Estas frustraciones de los jugadores pueden interrumpir el juego y dificultar la experiencia general en el casino.<\/p>\n\n\n\n<h3 class=\"wp-block-heading\">\u00bfHay versiones de prueba gratuitas disponibles para juegos de casino en vivo?<\/h3>\n\n\n\n<p>Las opciones de prueba gratuita no est\u00e1n disponibles para los juegos de casino en vivo. Sin embargo, jugar juegos de casino en vivo ofrece beneficios como una experiencia m\u00e1s inmersiva y entretenida, transparencia y la capacidad de interactuar con crupieres reales.<\/p>\n\n\n\n<h3 class=\"wp-block-heading\">\u00bfCu\u00e1les son algunas opciones de juegos en vivo populares m\u00e1s all\u00e1 de los tradicionales mencionados?<\/h3>\n\n\n\n<p>Nuevas e innovadoras opciones de juegos en vivo m\u00e1s all\u00e1 de las tradicionales mencionadas incluyen programas de juegos como Live Dream Catcher, Monopoly Live y Deal or No Deal Live. Estas variaciones populares ofrecen una experiencia \u00fanica y entretenida para los jugadores.<\/p>\n\n\n\n<h3 class=\"wp-block-heading\">\u00bfQu\u00e9 calificaciones o credenciales tiene Astrid Escalante en la industria del casino?<\/h3>\n\n\n\n<p>Astrid Escalante posee amplias calificaciones y credenciales en la industria de casinos. Con una maestr\u00eda en Experiencia del Cliente y experiencia como especialista en casinos y experiencia del cliente, ella brinda informaci\u00f3n valiosa y autorizada a los entusiastas de los juegos en l\u00ednea.<\/p>\n","protected":false},"excerpt":{"rendered":"<p>Los&nbsp;casinos en vivo&nbsp;se han convertido en una alternativa perfecta para quienes disfrutan de la experiencia real de los casinos f\u00edsicos sin tener que salir de casa o desde cualquier lugar del mundo. Los peruanos no se encuentran exentos de su atractivo y se encuentran en la b\u00fasqueda del mejor&nbsp;casino en vivo Per\u00fa. Si eres uno [&hellip;]<\/p>\n","protected":false},"author":2,"featured_media":0,"parent":0,"menu_order":0,"comment_status":"closed","ping_status":"closed","template":"","meta":{"footnotes":""},"blocksy_meta":"","acf":[],"_links":{"self":[{"href":"https:\/\/letsvisitperu.com\/pe\/wp-json\/wp\/v2\/pages\/143"}],"collection":[{"href":"https:\/\/letsvisitperu.com\/pe\/wp-json\/wp\/v2\/pages"}],"about":[{"href":"https:\/\/letsvisitperu.com\/pe\/wp-json\/wp\/v2\/types\/page"}],"author":[{"embeddable":true,"href":"https:\/\/letsvisitperu.com\/pe\/wp-json\/wp\/v2\/users\/2"}],"replies":[{"embeddable":true,"href":"https:\/\/letsvisitperu.com\/pe\/wp-json\/wp\/v2\/comments?post=143"}],"version-history":[{"count":6,"href":"https:\/\/letsvisitperu.com\/pe\/wp-json\/wp\/v2\/pages\/143\/revisions"}],"predecessor-version":[{"id":516,"href":"https:\/\/letsvisitperu.com\/pe\/wp-json\/wp\/v2\/pages\/143\/revisions\/516"}],"wp:attachment":[{"href":"https:\/\/letsvisitperu.com\/pe\/wp-json\/wp\/v2\/media?parent=143"}],"curies":[{"name":"wp","href":"https:\/\/api.w.org\/{rel}","templated":true}]}}