{"id":15,"date":"1970-01-01T00:00:00","date_gmt":"1970-01-01T00:00:00","guid":{"rendered":"https:\/\/letsvisitperu.com\/pe\/?page_id=15"},"modified":"2023-09-21T12:39:05","modified_gmt":"2023-09-21T12:39:05","slug":"skrill","status":"publish","type":"page","link":"https:\/\/letsvisitperu.com\/pe\/skrill\/","title":{"rendered":"pagos | skrill"},"content":{"rendered":"<p>En el siempre cambiante panorama de los juegos de azar en l\u00ednea, los jugadores buscan un m\u00e9todo de pago seguro y conveniente que ofrezca una experiencia sin complicaciones. Ingresan los casinos Skrill, una opci\u00f3n popular que combina innovaci\u00f3n, tarifas competitivas y medidas de seguridad estrictas. Establecido en 2001, Skrill proporciona una billetera virtual que garantiza la privacidad de los datos a trav\u00e9s de la verificaci\u00f3n por SMS y el cifrado SSL. Con su cumplimiento del protocolo KYC y las directrices de GDPR, Skrill garantiza la verificaci\u00f3n de identidad y gestiona los datos del usuario de manera responsable. Autorizado por la FCA y parte de Paysafe, se ha ganado la confianza de los apostadores en l\u00ednea. Los casinos Skrill ofrecen la ventaja adicional de no cobrar tarifas por depositar o retirar fondos, dep\u00f3sitos inmediatos y una aplicaci\u00f3n m\u00f3vil f\u00e1cil de usar. Adem\u00e1s, depositar con Skrill a menudo viene con bonos tentadores. Con sus caracter\u00edsticas seguras y convenientes, los casinos Skrill son sin duda la elecci\u00f3n preferida para el juego en l\u00ednea sin complicaciones.<\/p>\n<h2>\u00bfQu\u00e9 es Skrill?<\/h2>\n<p>Skrill, anteriormente conocido como Moneybookers, es una billetera en l\u00ednea creada en 2001 que ofrece un m\u00e9todo seguro y f\u00e1cil de pago para los usuarios con tarifas competitivas. Esto lo convierte en una opci\u00f3n popular entre los jugadores y apostadores en casinos en l\u00ednea. Las medidas de seguridad de Skrill incluyen verificaci\u00f3n por SMS para transacciones, m\u00faltiples capas de seguridad como encriptaci\u00f3n SSL y cumplimiento de los protocolos KYC para verificaci\u00f3n de identidad. Tambi\u00e9n cumple con las pautas de GDPR y est\u00e1 autorizado por la Autoridad de Conducta Financiera (FCA) para ofrecer sus servicios. En comparaci\u00f3n con otros m\u00e9todos de pago, Skrill se destaca por sus bajos cargos, que son comparables a los de Neteller y PayPal, pero con cargos m\u00e1s bajos. La popularidad de Skrill entre los jugadores de casino en l\u00ednea se debe a su privacidad de datos, dep\u00f3sitos inmediatos y al hecho de que muchos casinos lo aceptan como m\u00e9todo de pago.<\/p>\n<div><casino-toplist-734go6VJonPkkuk7><\/casino-toplist-734go6VJonPkkuk7><\/div><h2>Ventajas y caracter\u00edsticas<\/h2>\n<p>Ventajas y caracter\u00edsticas<\/p>\n<p>El uso de Skrill en casinos en l\u00ednea sin duda ofrece varias ventajas, convirti\u00e9ndolo en una opci\u00f3n segura y conveniente para un juego sin problemas. Skrill ofrece dep\u00f3sitos inmediatos, lo que facilita comenzar sin demora. Adem\u00e1s, sus tarifas bajas lo convierten en una opci\u00f3n rentable en comparaci\u00f3n con otros m\u00e9todos de pago como Neteller y PayPal. Adem\u00e1s, Skrill es ampliamente aceptado en casinos en l\u00ednea, brindando a los jugadores la libertad de disfrutar de sus juegos favoritos sin preocuparse por problemas de pago. Adem\u00e1s, Skrill ofrece una aplicaci\u00f3n m\u00f3vil para acceder f\u00e1cilmente a la cuenta, lo que a\u00f1ade a la conveniencia. Con autorizaci\u00f3n de una autoridad financiera confiable, m\u00faltiples capas de seguridad y tarifas competitivas, los pros de usar Skrill en casinos en l\u00ednea claramente superan a los contras, convirti\u00e9ndolo en una opci\u00f3n confiable y popular entre los jugadores, como se evidencia en un art\u00edculo de The Balance.<\/p>\n<h2>C\u00f3mo utilizar Skrill<\/h2>\n<p>Para utilizar Skrill para juegos en l\u00ednea, debes crear una cuenta, verificar tu informaci\u00f3n y elegir Skrill como opci\u00f3n de pago o retiro en la configuraci\u00f3n de la cuenta del casino. Skrill ofrece una forma segura y conveniente de realizar transacciones en casinos en l\u00ednea debido a su verificaci\u00f3n por SMS para transacciones, m\u00faltiples capas de seguridad como el cifrado SSL y el cumplimiento del protocolo KYC para la verificaci\u00f3n de identidad y las pautas de la GDPR. Para maximizar la seguridad al usar Skrill en casinos en l\u00ednea, se recomienda mantener la informaci\u00f3n de la cuenta privada, habilitar la autenticaci\u00f3n de dos factores y actualizar las contrase\u00f1as regularmente. Siguiendo estos consejos, los jugadores pueden disfrutar de una experiencia de juego en l\u00ednea sin problemas con Skrill. Para obtener m\u00e1s informaci\u00f3n, consulta el sitio web de la Comisi\u00f3n Europea para la protecci\u00f3n de datos y el sitio web del Centro Nacional de Ciberseguridad para la autenticaci\u00f3n de dos factores.<\/p>\n<h2>Contactar a Astrid Escalante<\/h2>\n<p>Astrid Escalante puede ser contactada en la direcci\u00f3n de correo electr\u00f3nico [email protected] para cualquier consulta o informaci\u00f3n adicional. Skrill ofrece un soporte al cliente confiable y una experiencia segura y conveniente para los apostadores en l\u00ednea. Su equipo de atenci\u00f3n al cliente dedicado est\u00e1 disponible para brindar asistencia en caso de cualquier problema que los usuarios puedan encontrar durante su experiencia de juego en l\u00ednea, ya sea un problema con las transacciones, la verificaci\u00f3n u cualquier otro aspecto del uso de Skrill. Adem\u00e1s, Skrill cuenta con una funci\u00f3n de chat en vivo para obtener ayuda instant\u00e1nea, asegurando que los usuarios puedan resolver r\u00e1pidamente cualquier inquietud que puedan tener. En casos en los que los usuarios encuentren problemas de verificaci\u00f3n, Skrill ofrece un proceso sencillo que requiere proporcionar los documentos necesarios para confirmar su identidad, seg\u00fan lo establecido por el Departamento de Justicia de los Estados Unidos. <a href=\"https:\/\/www.justice.gov\/criminal-fraud\/identity-theft-and-identity-fraud\" target=\"_blank\" rel=\"noopener\">https:\/\/www.justice.gov\/criminal-fraud\/identity-theft-and-identity-fraud<\/a>.<\/p>\n<h2>Preguntas frecuentes<\/h2>\n<h3>\u00bfExisten restricciones o limitaciones para usar Skrill en casinos en l\u00ednea?<\/h3>\n<p>S\u00ed, existen restricciones y limitaciones para utilizar Skrill en casinos en l\u00ednea. Skrill es un m\u00e9todo de pago seguro y conveniente para casinos en l\u00ednea, que garantiza la seguridad de las transacciones a trav\u00e9s de diversas medidas de seguridad como la verificaci\u00f3n por SMS, el cifrado SSL y el protocolo KYC para la verificaci\u00f3n de identidad. Tambi\u00e9n est\u00e1 autorizado por la Autoridad de Conducta Financiera (FCA) y forma parte de Paysafe, reconocido por sus est\u00e1ndares de seguridad. Adem\u00e1s, Skrill cumple con las directrices de GDPR en la gesti\u00f3n de los datos de los usuarios. La principal limitaci\u00f3n es que Skrill se puede utilizar para otras actividades de apuestas en l\u00ednea adem\u00e1s de los casinos, y no cobra ninguna tarifa por dep\u00f3sitos o retiros en los casinos.<\/p>\n<h3>\u00bfPuedo usar Skrill para hacer dep\u00f3sitos y retiros en cualquier casino en l\u00ednea?<\/h3>\n<p>S\u00ed, Skrill se puede utilizar para hacer dep\u00f3sitos y retiros en muchos casinos en l\u00ednea. Con sus caracter\u00edsticas seguras e innovadoras, Skrill ofrece una forma segura y f\u00e1cil para que los jugadores participen en el juego en l\u00ednea. Es ampliamente aceptado por numerosos casinos en l\u00ednea y proporciona dep\u00f3sitos inmediatos sin ninguna tarifa. Adem\u00e1s, Skrill ofrece bonificaciones para los usuarios que depositan fondos utilizando su plataforma, lo que mejora a\u00fan m\u00e1s la conveniencia y los beneficios de utilizar Skrill en los casinos en l\u00ednea. Seg\u00fan la Comisi\u00f3n de Juego del Reino Unido, el uso de Skrill est\u00e1 creciendo r\u00e1pidamente en el sector del juego en l\u00ednea. Se ha convertido en una opci\u00f3n popular para los jugadores debido a su facilidad de uso, seguridad y bajas tarifas.<\/p>\n<h3>\u00bfCu\u00e1les son las tarifas asociadas con el uso de Skrill en casinos en l\u00ednea?<\/h3>\n<p>Usar Skrill en casinos en l\u00ednea ofrece la conveniencia de transacciones sin complicaciones, pero \u00bfqu\u00e9 hay de las tarifas? Skrill se destaca de otros m\u00e9todos de pago por sus bajas tarifas. En comparaci\u00f3n con rivales como Neteller y PayPal, Skrill ofrece una soluci\u00f3n m\u00e1s rentable sin tarifas por depositar o retirar dinero de los casinos en l\u00ednea. Esto hace de Skrill una opci\u00f3n econ\u00f3mica y segura para los jugadores de casinos en l\u00ednea. Seg\u00fan Forbes, las tarifas competitivas de Skrill, junto con su reputaci\u00f3n confiable, lo convierten en una excelente opci\u00f3n para los jugadores de casinos en l\u00ednea.<\/p>\n<h3>\u00bfEst\u00e1 Skrill disponible en todos los pa\u00edses?<\/h3>\n<p>S\u00ed, Skrill est\u00e1 disponible en una amplia gama de pa\u00edses, lo que lo convierte en una opci\u00f3n popular para los jugadores de casinos en l\u00ednea a nivel mundial. Seg\u00fan la Financial Conduct Authority del Reino Unido, Skrill es uno de los proveedores de monedero electr\u00f3nico m\u00e1s utilizados y se puede acceder en numerosos pa\u00edses de todo el mundo. Los beneficios de utilizar Skrill como m\u00e9todo de pago en los casinos en l\u00ednea son numerosos. En primer lugar, ofrece una forma segura de realizar dep\u00f3sitos y retiros, con m\u00faltiples capas de seguridad como verificaci\u00f3n por SMS y cifrado SSL. En segundo lugar, Skrill proporciona dep\u00f3sitos inmediatos y tiene una aplicaci\u00f3n m\u00f3vil f\u00e1cil de usar para acceder a la cuenta. Por \u00faltimo, Skrill cobra tarifas bajas en comparaci\u00f3n con otros monederos electr\u00f3nicos como Neteller y PayPal. Para crear una cuenta de Skrill, los usuarios deben proporcionar informaci\u00f3n personal y verificar su identidad a trav\u00e9s del protocolo KYC.<\/p>\n<h3>\u00bfPuedo usar Skrill para reclamar bonos y promociones de casinos?<\/h3>\n<p>S\u00ed, <strong>Skrill se puede usar para reclamar bonos y promociones de casinos<\/strong>. Si bien Skrill no tiene un programa de lealtad espec\u00edfico, ofrece varios beneficios a sus usuarios en comparaci\u00f3n con otras billeteras electr\u00f3nicas. Skrill se destaca por sus tarifas m\u00e1s bajas, lo que lo convierte en una opci\u00f3n atractiva para los apostadores en l\u00ednea. Adem\u00e1s, la plataforma segura y confiable de Skrill garantiza la seguridad de las transacciones, brindando una experiencia sin complicaciones para los usuarios. Al utilizar Skrill como m\u00e9todo de pago, los jugadores pueden disfrutar de la comodidad de reclamar bonos y promociones de casinos <a href=\"https:\/\/www.gamblingcommission.gov.uk\/for-the-public\/Safer-gambling\/Depositing-and-withdrawing-funds\/Payment-methods\/E-Wallets.aspx\" target=\"_blank\" rel=\"noopener\">seg\u00fan lo verificado por la Comisi\u00f3n de Juego<\/a>.<\/p>\n","protected":false},"excerpt":{"rendered":"<p>En el siempre cambiante panorama de los juegos de azar en l\u00ednea, los jugadores buscan un m\u00e9todo de pago seguro y conveniente que ofrezca una experiencia sin complicaciones. Ingresan los casinos Skrill, una opci\u00f3n popular que combina innovaci\u00f3n, tarifas competitivas y medidas de seguridad estrictas. Establecido en 2001, Skrill proporciona una billetera virtual que garantiza [&hellip;]<\/p>\n","protected":false},"author":2,"featured_media":0,"parent":0,"menu_order":0,"comment_status":"closed","ping_status":"closed","template":"","meta":{"footnotes":""},"blocksy_meta":"","acf":[],"_links":{"self":[{"href":"https:\/\/letsvisitperu.com\/pe\/wp-json\/wp\/v2\/pages\/15"}],"collection":[{"href":"https:\/\/letsvisitperu.com\/pe\/wp-json\/wp\/v2\/pages"}],"about":[{"href":"https:\/\/letsvisitperu.com\/pe\/wp-json\/wp\/v2\/types\/page"}],"author":[{"embeddable":true,"href":"https:\/\/letsvisitperu.com\/pe\/wp-json\/wp\/v2\/users\/2"}],"replies":[{"embeddable":true,"href":"https:\/\/letsvisitperu.com\/pe\/wp-json\/wp\/v2\/comments?post=15"}],"version-history":[{"count":1,"href":"https:\/\/letsvisitperu.com\/pe\/wp-json\/wp\/v2\/pages\/15\/revisions"}],"predecessor-version":[{"id":68,"href":"https:\/\/letsvisitperu.com\/pe\/wp-json\/wp\/v2\/pages\/15\/revisions\/68"}],"wp:attachment":[{"href":"https:\/\/letsvisitperu.com\/pe\/wp-json\/wp\/v2\/media?parent=15"}],"curies":[{"name":"wp","href":"https:\/\/api.w.org\/{rel}","templated":true}]}}