{"id":42,"date":"1970-01-01T00:00:00","date_gmt":"1970-01-01T00:00:00","guid":{"rendered":"https:\/\/letsvisitperu.com\/pe\/?page_id=42"},"modified":"2024-01-07T14:10:28","modified_gmt":"2024-01-07T14:10:28","slug":"red-tiger","status":"publish","type":"page","link":"https:\/\/letsvisitperu.com\/pe\/red-tiger\/","title":{"rendered":"proveedores | red-tiger"},"content":{"rendered":"<p>En el vertiginoso mundo de las apuestas en l\u00ednea, Red Tiger emerge como una estrella brillante, cautivando a los jugadores con sus innovadores y emocionantes juegos de casino. Como un soplo de aire fresco, sus juegos brindan un nuevo nivel de emoci\u00f3n y adrenalina a la experiencia del casino virtual. Con una amplia gama de <a href=\"https:\/\/letsvisitperu.com\/pe\/tragamonedas-online\/\">m\u00e1quinas tragamonedas<\/a>, Red Tiger muestra su experiencia en la creaci\u00f3n de dise\u00f1os y temas \u00fanicos que transportan a los jugadores a mundos fant\u00e1sticos. Desde giros gratis hasta multiplicadores y s\u00edmbolos wild, sus juegos est\u00e1n llenos de caracter\u00edsticas que mantienen a los jugadores comprometidos y entretenidos. El compromiso de Red Tiger con la seguridad es evidente a trav\u00e9s de sus licencias de renombre, garantizando un juego justo para todos. Si bien su enfoque principal est\u00e1 en las tragamonedas de video, tambi\u00e9n ofrecen una selecci\u00f3n limitada de juegos de mesa, brindando variedad para todo tipo de jugadores. Con jackpots progresivos diarios, giros gratis y torneos, los juegos de Red Tiger ofrecen infinitas oportunidades para que los jugadores ganen grande. Ya sea en computadoras de escritorio o dispositivos m\u00f3viles, la innovaci\u00f3n y emoci\u00f3n de los juegos de casino de Red Tiger siempre est\u00e1n al alcance.<\/p>\n<h2>Juegos de Casino Red Tiger<\/h2>\n<p>Red Tiger Casino Games<\/p>\n<p>S\u00ed, Red Tiger ofrece una amplia gama de juegos de casino, incluyendo juegos de tragamonedas con dise\u00f1os y tem\u00e1ticas \u00fanicas, as\u00ed como una selecci\u00f3n limitada de juegos de mesa. Seg\u00fan las rese\u00f1as de Big Fish Casino, los juegos de casino de Red Tiger priorizan la innovaci\u00f3n, la calidad y la confianza en el mercado de los juegos de azar en l\u00ednea, y son conocidos por su impecable rendimiento y optimizaci\u00f3n para dispositivos m\u00f3viles. Los juegos de tragamonedas del proveedor cuentan con colores vibrantes, animaciones en 2D o 3D y dise\u00f1os especiales, creando experiencias extraordinarias para los jugadores. Los gr\u00e1ficos y el dise\u00f1o de sonido son de alta calidad, sumergiendo a los jugadores en el juego. Red Tiger tambi\u00e9n ofrece una selecci\u00f3n limitada de juegos de mesa como Blackjack, Baccarat y Ruleta Europea, brindando una experiencia de casino completa. Con su compromiso con la innovaci\u00f3n y la optimizaci\u00f3n para dispositivos m\u00f3viles, los juegos de casino de Red Tiger ofrecen a los jugadores la emoci\u00f3n y la conveniencia que buscan en el juego en l\u00ednea.<\/p>\n<div><casino-toplist-734go6VJonPkkuk7><\/casino-toplist-734go6VJonPkkuk7><\/div><h2>Dise\u00f1os de ranuras \u00fanicos<\/h2>\n<p>Reconocidos por sus cautivadoras im\u00e1genes y mec\u00e1nicas de juego imaginativas, los dise\u00f1os de tragamonedas de Red Tiger ofrecen un nivel incomparable de innovaci\u00f3n y emoci\u00f3n. Con colores vibrantes, animaciones intrincadas y una atenci\u00f3n excepcional al detalle, estos juegos transportan a los jugadores a un mundo de gr\u00e1ficos impresionantes y temas cautivadores. Desde explorar civilizaciones antiguas hasta embarcarse en emocionantes aventuras, los dise\u00f1os de tragamonedas de Red Tiger dan vida a los temas con sus im\u00e1genes creativas. Adem\u00e1s, mec\u00e1nicas de juego innovadoras, como carretes en cascada, s\u00edmbolos expansivos y rondas de bonificaci\u00f3n interactivas, mejoran a\u00fan m\u00e1s la experiencia del jugador. Con sus dise\u00f1os extraordinarios y su jugabilidad atractiva, los juegos de tragamonedas de Red Tiger son un testimonio del compromiso del proveedor con la narraci\u00f3n creativa y la jugabilidad innovadora. Para obtener m\u00e1s informaci\u00f3n sobre los dise\u00f1os de tragamonedas de Red Tiger, consulta <a href=\"https:\/\/www.britishcasinosites.com\/slots\/red-tiger\/review\/\" target=\"_blank\" rel=\"noopener\">aqu\u00ed<\/a>.<\/p>\n<h2>Selecci\u00f3n de juegos de mesa.<\/h2>\n<p>La selecci\u00f3n de juegos de mesa de Red Tiger es ideal para jugadores que buscan disfrutar de una variedad de juegos tradicionales de casino. Incluye opciones populares como Blackjack, Baccarat y Ruleta Europea.<\/p>\n<p>El Blackjack es un juego de cartas cl\u00e1sico en el que los jugadores buscan alcanzar un valor de mano m\u00e1s cercano a 21 que el crupier sin excederlo. El Baccarat es un juego de cartas en el que los jugadores apuestan por el resultado de dos manos, la del jugador y la del banquero, con el objetivo de obtener un valor de mano lo m\u00e1s cercano posible a 9. La Ruleta Europea es una variante popular de la ruleta con un solo bolsillo para el cero, ofreciendo a los jugadores mejores probabilidades en comparaci\u00f3n con la Ruleta Americana.<\/p>\n<p>Los juegos de mesa de Red Tiger brindan a los jugadores una selecci\u00f3n diversa de juegos tradicionales de casino, satisfaciendo diferentes preferencias y garantizando una experiencia de juego agradable. Como se destaca en la Comisi\u00f3n de Juego, tales juegos est\u00e1n regulados y aseguran que los jugadores tengan una experiencia de juego segura y protegida.<\/p>\n<h2>Confianza y Reconocimiento<\/h2>\n<p>Confianza y reconocimiento<br \/>\nRed Tiger se ha ganado una merecida reputaci\u00f3n por su excelencia en la industria de los juegos de azar en l\u00ednea. Su confiabilidad se debe en gran parte a que poseen cuatro licencias reconocidas, como las emitidas por la Autoridad de Juegos de Malta y la Comisi\u00f3n de Juego del Reino Unido. Estas licencias garantizan que Red Tiger cumple con estrictas regulaciones, brindando as\u00ed a los jugadores una experiencia de juego segura. Adem\u00e1s, la calidad del servicio de Red Tiger ha sido reconocida a trav\u00e9s de varios premios de la industria. Han sido elogiados por sus dise\u00f1os de juegos creativos, gr\u00e1ficos de alta calidad y efectos de sonido envolventes. Estos premios no solo confirman el estatus de Red Tiger como un proveedor de confianza, sino que tambi\u00e9n demuestran su compromiso continuo de brindar experiencias de juego extraordinarias tanto a socios como a jugadores.<\/p>\n<h2>Preguntas frecuentes<\/h2>\n<h3>\u00bfC\u00f3mo Red Tiger games asegura un juego justo y seguridad para los jugadores?<\/h3>\n<p>Red Tiger garantiza un juego justo y seguro para los jugadores mediante el uso de una tecnolog\u00eda avanzada de Generador de N\u00fameros Aleatorios (RNG). Esta tecnolog\u00eda garantiza que los resultados de sus juegos sean completamente aleatorios y no est\u00e9n influenciados por factores externos. Red Tiger tambi\u00e9n cumple con estrictas normas de licencia y regulaci\u00f3n, como las de la Autoridad de Juegos de Malta y la Comisi\u00f3n de Juego del Reino Unido, asegurando que los jugadores puedan disfrutar de una experiencia de juego segura y protegida.<\/p>\n<h3>\u00bfCu\u00e1les son los diferentes tipos de s\u00edmbolos salvajes disponibles en los juegos de tragamonedas de Red Tiger?<\/h3>\n<p>Los juegos de tragamonedas de Red Tiger ofrecen varios tipos de <strong>s\u00edmbolos wild<\/strong> para mejorar la jugabilidad. Estos incluyen wilds est\u00e1ndar, wilds expansivos, wilds pegajosos y wilds apilados. Cada tipo tiene sus propias caracter\u00edsticas \u00fanicas y puede llevar a pagos significativos. Los jugadores pueden usar estrat\u00e9gicamente estos s\u00edmbolos para maximizar sus ganancias al comprender sus funciones e incorporarlos en sus estrategias de juego, como se explica en este art\u00edculo de <a href=\"https:\/\/www.forbes.com\/sites\/davidschwartz\/2020\/12\/11\/how-to-use-wild-symbols-in-online-slots-to-win-real-money\/?sh=4ce7a7ac7d1b\" target=\"_blank\" rel=\"noopener\">Forbes<\/a>.<\/p>\n<h3>\u00bfLos jugadores pueden participar en torneos y ganar premios en los juegos de Red Tiger?<\/h3>\n<p>S\u00ed, los jugadores pueden participar en torneos y ganar premios en los juegos de Red Tiger. Estos torneos brindan una capa adicional de emoci\u00f3n e interacci\u00f3n para los jugadores, permiti\u00e9ndoles competir entre s\u00ed por premios y recompensas. Los premios var\u00edan y pueden incluir recompensas en efectivo, giros gratis o bonificaciones. Al participar en estos torneos, los jugadores tienen la oportunidad de mostrar sus habilidades y potencialmente ganar atractivas recompensas, mejorando la experiencia general de juego. Seg\u00fan la Comisi\u00f3n de Juego, los torneos y competencias son comunes en la industria de los juegos en l\u00ednea y pueden ser lucrativos para los jugadores.<\/p>\n<h3>\u00bfCu\u00e1les son los jackpots progresivos diarios y c\u00f3mo tienen los jugadores la oportunidad de ganarlos?<\/h3>\n<p>Los jackpots progresivos diarios en los juegos de Red Tiger ofrecen a los jugadores la oportunidad de ganar premios sustanciales. Estos jackpots se otorgan al azar y se pueden ganar en cualquier giro, independientemente del tama\u00f1o de la apuesta. Para aumentar sus posibilidades de ganar, los jugadores pueden emplear estrategias como realizar apuestas m\u00e1s altas o jugar durante per\u00edodos m\u00e1s largos. Los jackpots progresivos a\u00f1aden un elemento de emoci\u00f3n y anticipaci\u00f3n al juego, lo que hace que los juegos de Red Tiger sean a\u00fan m\u00e1s atractivos para los jugadores. Seg\u00fan la Comisi\u00f3n de Juego, estos juegos pueden ofrecer una experiencia divertida para los jugadores, al mismo tiempo que garantizan pr\u00e1cticas de juego responsables.<\/p>\n<h3>\u00bfC\u00f3mo optimizan los juegos de Red Tiger sus gr\u00e1ficos y dise\u00f1o de sonido para dispositivos m\u00f3viles?<\/h3>\n<p>Red Tiger games optimiza sus gr\u00e1ficos y dise\u00f1o de sonido para dispositivos m\u00f3viles utilizando diversas t\u00e9cnicas, como algoritmos de optimizaci\u00f3n avanzados y adaptando los gr\u00e1ficos y efectos de sonido para adaptarse a las pantallas m\u00e1s peque\u00f1as y la limitada capacidad de procesamiento de los dispositivos m\u00f3viles. Estas t\u00e9cnicas de optimizaci\u00f3n mejoran la experiencia de juego en dispositivos m\u00f3viles, ofreciendo una calidad visual de alta calidad y un dise\u00f1o de sonido inmersivo que mantienen el mismo nivel de innovaci\u00f3n y emoci\u00f3n que sus contrapartes de escritorio. Para obtener m\u00e1s informaci\u00f3n sobre estas t\u00e9cnicas de optimizaci\u00f3n, el sitio web de Red Tiger es una excelente fuente de recursos.<\/p>\n","protected":false},"excerpt":{"rendered":"<p>En el vertiginoso mundo de las apuestas en l\u00ednea, Red Tiger emerge como una estrella brillante, cautivando a los jugadores con sus innovadores y emocionantes juegos de casino. Como un soplo de aire fresco, sus juegos brindan un nuevo nivel de emoci\u00f3n y adrenalina a la experiencia del casino virtual. Con una amplia gama de [&hellip;]<\/p>\n","protected":false},"author":2,"featured_media":0,"parent":0,"menu_order":0,"comment_status":"closed","ping_status":"closed","template":"","meta":{"footnotes":""},"blocksy_meta":"","acf":[],"_links":{"self":[{"href":"https:\/\/letsvisitperu.com\/pe\/wp-json\/wp\/v2\/pages\/42"}],"collection":[{"href":"https:\/\/letsvisitperu.com\/pe\/wp-json\/wp\/v2\/pages"}],"about":[{"href":"https:\/\/letsvisitperu.com\/pe\/wp-json\/wp\/v2\/types\/page"}],"author":[{"embeddable":true,"href":"https:\/\/letsvisitperu.com\/pe\/wp-json\/wp\/v2\/users\/2"}],"replies":[{"embeddable":true,"href":"https:\/\/letsvisitperu.com\/pe\/wp-json\/wp\/v2\/comments?post=42"}],"version-history":[{"count":2,"href":"https:\/\/letsvisitperu.com\/pe\/wp-json\/wp\/v2\/pages\/42\/revisions"}],"predecessor-version":[{"id":823,"href":"https:\/\/letsvisitperu.com\/pe\/wp-json\/wp\/v2\/pages\/42\/revisions\/823"}],"wp:attachment":[{"href":"https:\/\/letsvisitperu.com\/pe\/wp-json\/wp\/v2\/media?parent=42"}],"curies":[{"name":"wp","href":"https:\/\/api.w.org\/{rel}","templated":true}]}}