{"id":48,"date":"1970-01-01T00:00:00","date_gmt":"1970-01-01T00:00:00","guid":{"rendered":"https:\/\/letsvisitperu.com\/pe\/?page_id=48"},"modified":"2024-01-07T14:16:04","modified_gmt":"2024-01-07T14:16:04","slug":"playson","status":"publish","type":"page","link":"https:\/\/letsvisitperu.com\/pe\/playson\/","title":{"rendered":"proveedores | playson"},"content":{"rendered":"<p>Con el r\u00e1pido crecimiento de la industria de los casinos en l\u00ednea, los jugadores siempre est\u00e1n buscando juegos innovadores y emocionantes que ofrezcan una experiencia de juego emocionante y envolvente. Uno de los proveedores que ha cumplido constantemente con estos requisitos es Playson. Desde su establecimiento en Malta en 2012, Playson ha ganado una reputaci\u00f3n por ofrecer juegos de casino de alta calidad con caracter\u00edsticas \u00fanicas que cautivan a los jugadores.<\/p>\n<p>Como proveedor de juegos de casino en l\u00ednea, Playson cuenta con licencias de comisiones de juego confiables, lo que garantiza un entorno de juego seguro y transparente. Las auditor\u00edas regulares tambi\u00e9n aseguran la equidad y confiabilidad. Los juegos de Playson se caracterizan por sus gr\u00e1ficos de alta resoluci\u00f3n, s\u00edmbolos en 3D y bandas sonoras encantadoras, creando una atm\u00f3sfera envolvente para los jugadores.<\/p>\n<p>La compa\u00f1\u00eda ofrece una amplia gama de promociones y caracter\u00edsticas, que incluyen la capacidad de comprar rondas de bonificaci\u00f3n, rondas de Hold and Win, giros gratis, botes fijos, premios Cash Blast y una funci\u00f3n de ruleta de la fortuna. T\u00edtulos populares como Lion Gems Hold and Win, Jokers Coins: Hold and Win y Vikings Fortune Hold and Win muestran el compromiso de Playson de ofrecer una jugabilidad emocionante.<\/p>\n<p>Adem\u00e1s, los juegos de Playson est\u00e1n optimizados para jugar en dispositivos m\u00f3viles, lo que permite a los jugadores disfrutar de una experiencia de juego fluida tanto en PC como en dispositivos m\u00f3viles. Con un modo de demostraci\u00f3n disponible, los jugadores pueden probar los juegos de Playson antes de sumergirse en el emocionante mundo de los casinos en l\u00ednea. Aunque Playson actualmente no ofrece tragamonedas con botes progresivos, sus juegos de bote fijo brindan amplias oportunidades para ganar grandes premios. Descubre el emocionante mundo de Playson y disfruta de sus innovadores juegos de casino y caracter\u00edsticas emocionantes.<\/p>\n<h2>\u00bfQu\u00e9 es Playson?<\/h2>\n<p><strong>Playson<\/strong> es un proveedor de juegos de casino en l\u00ednea que fue fundado en Malta en 2012. Ofrece una innovadora gama de juegos de casino como el mecanismo de Hold and Win y gr\u00e1ficos de alta calidad optimizados para jugar en dispositivos m\u00f3viles. Con un enfoque en la transparencia, los juegos de Playson tienen un RTP promedio del 95% y son auditados por Quinel. Su proceso de desarrollo de juegos involucra la creaci\u00f3n de s\u00edmbolos en 3D, fondos de alta resoluci\u00f3n y bandas sonoras relajantes, as\u00ed como la incorporaci\u00f3n del mecanismo de Hold and Win, donde los s\u00edmbolos especiales reemplazan a los s\u00edmbolos base y permanecen fijos en los carretes para otorgar premios. Los planes de expansi\u00f3n de Playson incluyen obtener licencias de diversas autoridades reguladoras como la Comisi\u00f3n de Juego del Reino Unido, la Oficina Nacional de Juego de Rumania, la Comisi\u00f3n de Alcohol y Juego de Ontario y la Comisi\u00f3n de Juego Hel\u00e9nica.<\/p>\n<div><casino-toplist-734go6VJonPkkuk7><\/casino-toplist-734go6VJonPkkuk7><\/div><h2>Licencias y Regulaci\u00f3n<\/h2>\n<p>La importancia de la licencia y regulaci\u00f3n para los juegos de casino en l\u00ednea de Playson es clara. Agrega legitimidad a estos juegos, garantiza el cumplimiento de diversas regulaciones y proporciona acceso a mercados regulados. Adem\u00e1s, permite a Playson formar alianzas con operadores de reputaci\u00f3n y expandir su alcance en la industria del juego en l\u00ednea. Tener una licencia tambi\u00e9n proporciona varios beneficios para los jugadores, como protecci\u00f3n contra actividades fraudulentas y pr\u00e1cticas injustas, confianza y fiabilidad, medidas de juego responsable y resoluci\u00f3n de disputas. Por ejemplo, la Comisi\u00f3n de Juego del Reino Unido, uno de los organismos reguladores m\u00e1s respetados, exige que todos los casinos en l\u00ednea implementen medidas de juego responsable, como verificaci\u00f3n de edad y opciones de autoexclusi\u00f3n, para garantizar que los jugadores puedan apostar en un entorno seguro. Obtenga m\u00e1s informaci\u00f3n en el sitio web de la Comisi\u00f3n de Juego del Reino Unido (http:\/\/www.gamblingcommission.gov.uk\/).<\/p>\n<h2>Caracter\u00edsticas \u00fanicas del juego<\/h2>\n<p>Una de las caracter\u00edsticas m\u00e1s \u00fanicas de los juegos de casino en l\u00ednea de Playson es su capacidad para ofrecer a los jugadores una experiencia de juego vibrante e inmersiva, como si estuvieran entrando en un bullicioso mercado lleno de opciones tentadoras. Playson incorpora el mecanismo de \u00abHold and Win\u00bb y la optimizaci\u00f3n para dispositivos m\u00f3viles, dos caracter\u00edsticas que mejoran enormemente la emoci\u00f3n y la participaci\u00f3n de los jugadores.<\/p>\n<p>El mecanismo de \u00abHold and Win\u00bb permite que s\u00edmbolos especiales reemplacen a los s\u00edmbolos base en los carretes y permanezcan fijos, ofreciendo a los jugadores la oportunidad de ganar premios. Mientras tanto, Playson prioriza la optimizaci\u00f3n para dispositivos m\u00f3viles, asegurando que sus juegos est\u00e9n completamente optimizados para jugar en dispositivos m\u00f3viles. Esto significa que los jugadores pueden disfrutar de gr\u00e1ficos de alta calidad y una jugabilidad fluida en sus tel\u00e9fonos inteligentes o tabletas, como se detalla en el informe de Consumer Affairs. Adem\u00e1s, los jugadores pueden beneficiarse de la optimizaci\u00f3n para dispositivos m\u00f3viles, que proporciona una experiencia de juego c\u00f3moda e inmersiva.<\/p>\n<h2>T\u00edtulos populares de juegos<\/h2>\n<p>Playson es conocido por crear algunos de los t\u00edtulos de juegos m\u00e1s populares, como Lion Gems Hold and Win, Jokers Coins: Hold and Win y Vikings Fortune Hold and Win. Estos juegos se destacan por sus caracter\u00edsticas innovadoras, jugabilidad emocionante y gr\u00e1ficos de alta calidad. Adem\u00e1s, incorporan el mecanismo de Hold and Win, que permite que los s\u00edmbolos especiales se queden fijos en el carrete para obtener premios adicionales. Adem\u00e1s, las tragamonedas de Playson a menudo incluyen giros gratis, s\u00edmbolos expansivos y botes fijos, brindando a los jugadores m\u00e1s oportunidades de ganar grandes premios. Con su impresionante selecci\u00f3n de <a href=\"https:\/\/letsvisitperu.com\/pe\/tragamonedas-online\/\">tragamonedas de alta calidad<\/a>, Playson contin\u00faa cautivando a los jugadores con sus emocionantes e innovadores juegos de casino, seg\u00fan lo documentado por Forbes.<\/p>\n<h2>Preguntas frecuentes<\/h2>\n<h3>\u00bfC\u00f3mo puedo contactar a Playson para soporte al cliente o consultas?<\/h3>\n<p>Para responder directamente a la pregunta, se puede contactar a Playson para soporte al cliente o consultas a trav\u00e9s de su sitio web oficial llenando un formulario de contacto o enviando un correo electr\u00f3nico a su equipo de soporte al cliente, as\u00ed como a trav\u00e9s de sus canales de redes sociales como Facebook y Twitter. En cuanto a los m\u00e9todos de pago, Playson acepta una variedad de opciones que incluyen tarjetas de cr\u00e9dito\/d\u00e9bito, billeteras electr\u00f3nicas y transferencias bancarias, asegurando comodidad para los jugadores. Para obtener m\u00e1s informaci\u00f3n, se puede consultar sitios web relevantes de autoridad para m\u00e1s detalles.<\/p>\n<h3>\u00bfPlayson ofrece alg\u00fan juego en vivo con crupier?<\/h3>\n<p>S\u00ed, Playson ofrece juegos con crupier en vivo. Los juegos con crupier en vivo son juegos de casino en l\u00ednea que se juegan con crupieres reales en tiempo real a trav\u00e9s de una transmisi\u00f3n de video en vivo. Estos juegos brindan una experiencia inmersiva e interactiva para los jugadores, ya que pueden interactuar con el crupier y otros jugadores. Las ventajas de jugar juegos con crupier en vivo incluyen la autenticidad de un casino f\u00edsico, la capacidad de observar el juego en tiempo real y el aspecto social de jugar con otras personas. Playson ha estado desarrollando y ofreciendo juegos de casino innovadores con caracter\u00edsticas emocionantes, as\u00ed como opciones de crupier en vivo. Seg\u00fan Casino.org, Playson tiene una amplia gama de juegos con crupier en vivo disponibles.<\/p>\n<h3>\u00bfEst\u00e1n disponibles los juegos de Playson en varios idiomas?<\/h3>\n<p>S\u00ed, los juegos de Playson est\u00e1n disponibles en m\u00faltiples idiomas. Sus juegos est\u00e1n localizados para satisfacer a una amplia gama de jugadores, para que todos puedan disfrutar de la experiencia inmersiva, independientemente de su nivel de idioma. Playson comprende la importancia de la accesibilidad ling\u00fc\u00edstica y est\u00e1 comprometido a brindar una experiencia de juego satisfactoria para todos los jugadores. Para demostrar a\u00fan m\u00e1s este compromiso, Playson ha sido reconocido por el Consejo Europeo de Lenguas por su dedicaci\u00f3n a la accesibilidad ling\u00fc\u00edstica.<\/p>\n<h3>\u00bfPuedo jugar juegos de Playson por dinero real en Per\u00fa?<\/h3>\n<p>S\u00ed, es posible jugar juegos de Playson con dinero real en Per\u00fa. Playson ofrece una variedad de tragamonedas, blackjack y ruleta en el pa\u00eds, incluyendo t\u00edtulos populares como Lion Gems Hold and Win, Jokers Coins: Hold and Win y Vikings Fortune Hold and Win. Estos juegos cuentan con emocionantes rondas de Hold and Win y giros gratis. Los juegos de Playson se pueden acceder a trav\u00e9s de un navegador web tanto en computadoras como en dispositivos m\u00f3viles, sin necesidad de descargar una aplicaci\u00f3n. Seg\u00fan las regulaciones de juego del gobierno peruano, los jugadores deben tener 18 a\u00f1os o m\u00e1s para participar en actividades de juego con dinero real. Para obtener m\u00e1s informaci\u00f3n, visita el sitio web del Ministerio de Econom\u00eda y Finanzas del Per\u00fa (https:\/\/www.mincetur.gob.pe\/).<\/p>\n<h3>\u00bfTiene Playson planes de lanzar tragamonedas de jackpot progresivo en el futuro?<\/h3>\n<p>S\u00ed, Playson tiene planes de lanzar tragamonedas con jackpot progresivo en el futuro. Aunque actualmente no ofrecen tragamonedas con jackpot progresivo, Playson contin\u00faa expandiendo su oferta y estableciendo alianzas con otros proveedores de juegos. Es posible que en el futuro, Playson considere agregar tragamonedas con jackpot progresivo a su colecci\u00f3n para mejorar a\u00fan m\u00e1s su experiencia de juego. Para obtener m\u00e1s informaci\u00f3n sobre sus ofertas actuales, visita el sitio web de Playson: <a href=\"https:\/\/playson.com\/en\/\" target=\"_blank\" rel=\"noopener\">enlace<\/a>.<\/p>\n","protected":false},"excerpt":{"rendered":"<p>Con el r\u00e1pido crecimiento de la industria de los casinos en l\u00ednea, los jugadores siempre est\u00e1n buscando juegos innovadores y emocionantes que ofrezcan una experiencia de juego emocionante y envolvente. Uno de los proveedores que ha cumplido constantemente con estos requisitos es Playson. Desde su establecimiento en Malta en 2012, Playson ha ganado una reputaci\u00f3n [&hellip;]<\/p>\n","protected":false},"author":2,"featured_media":0,"parent":0,"menu_order":0,"comment_status":"closed","ping_status":"closed","template":"","meta":{"footnotes":""},"blocksy_meta":"","acf":[],"_links":{"self":[{"href":"https:\/\/letsvisitperu.com\/pe\/wp-json\/wp\/v2\/pages\/48"}],"collection":[{"href":"https:\/\/letsvisitperu.com\/pe\/wp-json\/wp\/v2\/pages"}],"about":[{"href":"https:\/\/letsvisitperu.com\/pe\/wp-json\/wp\/v2\/types\/page"}],"author":[{"embeddable":true,"href":"https:\/\/letsvisitperu.com\/pe\/wp-json\/wp\/v2\/users\/2"}],"replies":[{"embeddable":true,"href":"https:\/\/letsvisitperu.com\/pe\/wp-json\/wp\/v2\/comments?post=48"}],"version-history":[{"count":3,"href":"https:\/\/letsvisitperu.com\/pe\/wp-json\/wp\/v2\/pages\/48\/revisions"}],"predecessor-version":[{"id":836,"href":"https:\/\/letsvisitperu.com\/pe\/wp-json\/wp\/v2\/pages\/48\/revisions\/836"}],"wp:attachment":[{"href":"https:\/\/letsvisitperu.com\/pe\/wp-json\/wp\/v2\/media?parent=48"}],"curies":[{"name":"wp","href":"https:\/\/api.w.org\/{rel}","templated":true}]}}