{"id":51,"date":"1970-01-01T00:00:00","date_gmt":"1970-01-01T00:00:00","guid":{"rendered":"https:\/\/letsvisitperu.com\/pe\/?page_id=51"},"modified":"2024-01-07T14:08:32","modified_gmt":"2024-01-07T14:08:32","slug":"nextgen-gaming","status":"publish","type":"page","link":"https:\/\/letsvisitperu.com\/pe\/nextgen-gaming\/","title":{"rendered":"proveedores | nextgen-gaming"},"content":{"rendered":"<p>\u00a1Prep\u00e1rate para desatar la emoci\u00f3n y embarcarte en una emocionante aventura de juegos con las <a href=\"https:\/\/letsvisitperu.com\/pe\/tragamonedas-online\/\">tragamonedas online<\/a> de NextGen Gaming y sus caracter\u00edsticas ganadoras! Como un torbellino de entretenimiento, NextGen Gaming ofrece una amplia selecci\u00f3n de juegos de tragamonedas con licencia y regulados que seguramente cautivar\u00e1n a cualquier jugador. Con su equilibrada combinaci\u00f3n de juegos de bonificaci\u00f3n, giros gratis, s\u00edmbolos dispersos y adiciones \u00fanicas, estas tragamonedas son una fuerza a tener en cuenta.<\/p>\n<p>NextGen Gaming se enorgullece de su equidad, con un RTP promedio del 95.8% y pruebas rigurosas realizadas por laboratorios internacionales como GLI y eCOGRA. Su compromiso de proporcionar una experiencia de juego transparente y confiable es incomparable. Adem\u00e1s, NextGen Gaming ofrece promociones internas exclusivas para sus juegos, mejorando a\u00fan m\u00e1s la experiencia del jugador.<\/p>\n<p>Ya seas fan\u00e1tico de SuperBet, la funci\u00f3n de Compra de bonificaci\u00f3n o la funci\u00f3n de Respins, NextGen Gaming te tiene cubierto. Estas caracter\u00edsticas ganadoras no solo mejoran las posibles ganancias, sino que tambi\u00e9n agregan un nivel extra de emoci\u00f3n a tu juego. Y con gr\u00e1ficos de alta calidad, efectos de sonido personalizados y compatibilidad m\u00f3vil, puedes disfrutar de la emoci\u00f3n de las tragamonedas de NextGen Gaming en cualquier momento y lugar. \u00a1As\u00ed que abr\u00f3chate el cintur\u00f3n y prep\u00e1rate para desatar la emoci\u00f3n!<\/p>\n<h2>Lo que ofrecen<\/h2>\n<p>NextGen Gaming ofrece una impresionante variedad de juegos de tragamonedas que vienen con varios temas y caracter\u00edsticas, incluyendo juegos de bonificaci\u00f3n, giros gratis, s\u00edmbolos de dispersi\u00f3n y adiciones \u00fanicas, que han contribuido a su \u00e9xito en la industria. Su principal atracci\u00f3n son sus juegos de bonificaci\u00f3n \u00fanicos, que agregan una capa extra de emoci\u00f3n y participaci\u00f3n para los jugadores, ofreci\u00e9ndoles oportunidades adicionales para ganar grandes premios. Adem\u00e1s, los gr\u00e1ficos y efectos de sonido en las tragamonedas de NextGen Gaming tienen una calidad promedio, con algunos t\u00edtulos incluso presentando fant\u00e1sticas animaciones en 3D, mientras que los efectos de sonido se adaptan al tema de cada juego, brindando una experiencia inmersiva para los jugadores. En general, NextGen Gaming ofrece una variedad diversa de juegos de tragamonedas con caracter\u00edsticas atractivas y gr\u00e1ficos y efectos de sonido de alta calidad, como lo demuestra su \u00e9xito en la industria.<\/p>\n<div><casino-toplist-734go6VJonPkkuk7><\/casino-toplist-734go6VJonPkkuk7><\/div><h2>Caracter\u00edsticas y Temas<\/h2>\n<p>Los juegos de tragamonedas ofrecidos por NextGen Gaming brindan a los jugadores una experiencia inmersiva y cautivadora, gracias a su diversa gama de temas y caracter\u00edsticas. Los juegos de bonificaci\u00f3n destacados incluyen giros gratis, s\u00edmbolos scatter y multiplicadores especiales, que aumentan las posibilidades de ganar. Adem\u00e1s, cada juego presenta temas y argumentos \u00fanicos, llevando a los jugadores a diferentes mundos y \u00e9pocas, como civilizaciones antiguas, reinos de fantas\u00eda y m\u00e1s. Con una variedad de opciones para elegir, las tragamonedas de NextGen Gaming garantizan una experiencia de juego incomparable para todo tipo de jugadores. Para obtener m\u00e1s informaci\u00f3n, visita las \u00faltimas noticias de NextGen Gaming.<\/p>\n<h2>Equidad y regulaci\u00f3n<\/h2>\n<p>La respuesta a la pregunta \u00ab\u00bfQu\u00e9 garantiza la equidad y regulaci\u00f3n de los juegos de tragamonedas de NextGen Gaming?\u00bb es que los juegos est\u00e1n licenciados y regulados por la Comisi\u00f3n de Juego del Reino Unido y se prueban en cuanto a equidad por laboratorios internacionales como GLI y eCOGRA. Esto asegura que los jugadores tengan una oportunidad justa de ganar y confiar en la integridad de los juegos de NextGen Gaming. La licencia y regulaci\u00f3n por parte de la Comisi\u00f3n de Juego del Reino Unido significa que NextGen Gaming opera dentro de las pautas y normas establecidas por el organismo regulador, lo que garantiza que cumplan con reglas y regulaciones estrictas para proteger a los jugadores. Adem\u00e1s, las pruebas de equidad realizadas por laboratorios internacionales como GLI y eCOGRA validan a\u00fan m\u00e1s la equidad de los juegos de NextGen Gaming, proporcionando una verificaci\u00f3n independiente de que los resultados son aleatorios e imparciales. Esto contribuye a la transparencia y confiabilidad general de NextGen Gaming como proveedor. Para obtener m\u00e1s informaci\u00f3n sobre la Comisi\u00f3n de Juego del Reino Unido, visite su sitio web aqu\u00ed.<\/p>\n<h2>Compatibilidad m\u00f3vil<\/h2>\n<p>La compatibilidad m\u00f3vil es esencial para los juegos de casino en l\u00ednea modernos. Jugar a las tragamonedas de NextGen Gaming en dispositivos m\u00f3viles ofrece varios beneficios. En primer lugar, proporciona conveniencia y flexibilidad, permitiendo a los jugadores disfrutar de sus juegos favoritos en cualquier momento y lugar. En segundo lugar, NextGen Gaming garantiza un juego fluido en plataformas m\u00f3viles a trav\u00e9s de su programaci\u00f3n liviana y dise\u00f1o web adaptativo. Esto garantiza gr\u00e1ficos y sonidos de alta calidad en dispositivos m\u00f3viles, mejorando la experiencia de juego en general. Adem\u00e1s, las tragamonedas de NextGen Gaming son compatibles tanto con tabletas como con tel\u00e9fonos inteligentes, lo que las hace f\u00e1cilmente accesibles para una amplia gama de jugadores. Con su extenso cat\u00e1logo de m\u00e1s de 100 t\u00edtulos, NextGen Gaming ofrece una variedad de juegos de tragamonedas con diferentes temas y caracter\u00edsticas, asegurando que haya algo para cada preferencia del jugador. Adem\u00e1s, con el aumento de los est\u00e1ndares de compatibilidad m\u00f3vil, como la <a href=\"https:\/\/www.w3.org\/Mobile\/\" target=\"_blank\" rel=\"noopener\">Iniciativa de la Web M\u00f3vil de W3C<\/a>, los juegos m\u00f3viles se est\u00e1n volviendo cada vez m\u00e1s seguros y accesibles.<\/p>\n<h2>Preguntas frecuentes<\/h2>\n<h3>\u00bfC\u00f3mo funciona la funci\u00f3n SuperBet en las tragamonedas de NextGen Gaming?<\/h3>\n<p>La funci\u00f3n <strong>Superbet<\/strong> en las tragamonedas de NextGen Gaming mejora directamente las ganancias potenciales de los s\u00edmbolos wild al aplicar multiplicadores especiales. Al aumentar el nivel de Superbet, los jugadores pueden desbloquear multiplicadores m\u00e1s altos, lo que resulta en pagos m\u00e1s grandes. Esta funci\u00f3n permite a los jugadores personalizar su experiencia de juego y aumentar potencialmente sus posibilidades de ganar grandes premios. Sin embargo, es importante tener en cuenta que activar la funci\u00f3n Superbet requiere una apuesta adicional, lo que puede aumentar el costo total de jugar el juego. Por lo tanto, los jugadores deben considerar cuidadosamente las ventajas y desventajas de usar la funci\u00f3n Superbet seg\u00fan sus propias preferencias y presupuesto. Seg\u00fan el Foro Econ\u00f3mico Mundial [1], es importante comprender los riesgos asociados con el juego y apostar de manera responsable.<\/p>\n<p>[1] https:\/\/www.weforum.org\/agenda\/2019\/10\/responsible-gambling-gaming-industry-regulation\/<\/p>\n<h3>\u00bfLos jugadores pueden adquirir la funci\u00f3n Comprar Bonus en todas las tragamonedas de NextGen Gaming?<\/h3>\n<p>S\u00ed, los jugadores pueden adquirir la funci\u00f3n de Compra de bonificaci\u00f3n en algunas tragamonedas de NextGen Gaming. Sin embargo, la disponibilidad de esta funci\u00f3n var\u00eda en diferentes juegos dentro del cat\u00e1logo de NextGen Gaming. Por otro lado, la funci\u00f3n Superbet, que mejora las ganancias potenciales de los s\u00edmbolos wild con multiplicadores especiales, es una adici\u00f3n \u00fanica en algunas tragamonedas de NextGen Gaming y puede aumentar significativamente la emoci\u00f3n y los pagos potenciales para los jugadores. Seg\u00fan GamesRadar, esta funci\u00f3n est\u00e1 disponible en algunas de las tragamonedas m\u00e1s populares de NextGen Gaming.<\/p>\n<h3>\u00bfLos gr\u00e1ficos en las tragamonedas de NextGen Gaming son consistentemente de calidad promedio, o hay algunos t\u00edtulos destacados con visuales excepcionales?<\/h3>\n<p>S\u00ed, hay algunos t\u00edtulos destacados con visuales excepcionales en el cat\u00e1logo de tragamonedas de NextGen Gaming. Si bien los gr\u00e1ficos en la mayor\u00eda de las tragamonedas de NextGen Gaming son generalmente de calidad promedio, algunos t\u00edtulos exhiben visuales excepcionales a trav\u00e9s de fant\u00e1sticas animaciones en 3D. Estos juegos visualmente impresionantes cautivan a los jugadores con sus gr\u00e1ficos inmersivos y realistas, mejorando la experiencia de juego en general. Los jugadores pueden disfrutar de la combinaci\u00f3n de una jugabilidad atractiva y visuales excepcionales en ciertas tragamonedas de NextGen Gaming, agregando una capa adicional de emoci\u00f3n a sus sesiones de juego. Para obtener m\u00e1s pruebas de sus t\u00edtulos visualmente impresionantes, se pueden consultar rese\u00f1as de fuentes autorizadas como TechRadar y Game Informer.<\/p>\n<h3>\u00bfCu\u00e1ntos t\u00edtulos est\u00e1n disponibles en el cat\u00e1logo de juegos de NextGen Gaming?<\/h3>\n<p>NextGen Gaming ofrece un impresionante cat\u00e1logo de juegos con m\u00e1s de 100 t\u00edtulos. Estos juegos son conocidos por sus caracter\u00edsticas \u00fanicas y su potencial de ganancias. Con una mezcla equilibrada de juegos de bonificaci\u00f3n, giros gratis, s\u00edmbolos dispersos y adiciones especiales como SuperBet, Respins y Compra de bonificaci\u00f3n, las tragamonedas de NextGen Gaming ofrecen una experiencia de juego emocionante y variada. Los gr\u00e1ficos en las tragamonedas de NextGen Gaming son generalmente de calidad promedio, pero hay algunos t\u00edtulos destacados con excepcionales im\u00e1genes, incluyendo fant\u00e1sticas animaciones en 3D, seg\u00fan informa TechRadar.<\/p>\n<h3>\u00bfOfrece NextGen Gaming alguna tragaperras con jackpot progresivo con jackpots crecientes?<\/h3>\n<p>S\u00ed, <strong>NextGen Gaming<\/strong> ofrece tragamonedas con jackpot progresivo con premios que aumentan. Estas tragamonedas con jackpot brindan a los jugadores la oportunidad de ganar premios de jackpot sustanciales que contin\u00faan creciendo hasta que son ganados. La caracter\u00edstica de jackpot progresivo agrega un elemento emocionante al juego, ya que el monto del jackpot aumenta con cada apuesta realizada en el juego, lo que lo hace atractivo para los jugadores que buscan la posibilidad de ganar sumas de dinero que cambien sus vidas. Seg\u00fan <a href=\"https:\/\/www.theguardian.com\/money\/2020\/may\/09\/online-gambling-jackpots-winners-casinos\" target=\"_blank\" rel=\"noopener\">The Guardian<\/a>, los jackpots progresivos se han convertido en una forma popular para que los jugadores ganen sumas sustanciales de dinero en el mundo de los casinos en l\u00ednea.<\/p>\n","protected":false},"excerpt":{"rendered":"<p>\u00a1Prep\u00e1rate para desatar la emoci\u00f3n y embarcarte en una emocionante aventura de juegos con las tragamonedas online de NextGen Gaming y sus caracter\u00edsticas ganadoras! Como un torbellino de entretenimiento, NextGen Gaming ofrece una amplia selecci\u00f3n de juegos de tragamonedas con licencia y regulados que seguramente cautivar\u00e1n a cualquier jugador. Con su equilibrada combinaci\u00f3n de juegos [&hellip;]<\/p>\n","protected":false},"author":2,"featured_media":0,"parent":0,"menu_order":0,"comment_status":"closed","ping_status":"closed","template":"","meta":{"footnotes":""},"blocksy_meta":"","acf":[],"_links":{"self":[{"href":"https:\/\/letsvisitperu.com\/pe\/wp-json\/wp\/v2\/pages\/51"}],"collection":[{"href":"https:\/\/letsvisitperu.com\/pe\/wp-json\/wp\/v2\/pages"}],"about":[{"href":"https:\/\/letsvisitperu.com\/pe\/wp-json\/wp\/v2\/types\/page"}],"author":[{"embeddable":true,"href":"https:\/\/letsvisitperu.com\/pe\/wp-json\/wp\/v2\/users\/2"}],"replies":[{"embeddable":true,"href":"https:\/\/letsvisitperu.com\/pe\/wp-json\/wp\/v2\/comments?post=51"}],"version-history":[{"count":2,"href":"https:\/\/letsvisitperu.com\/pe\/wp-json\/wp\/v2\/pages\/51\/revisions"}],"predecessor-version":[{"id":818,"href":"https:\/\/letsvisitperu.com\/pe\/wp-json\/wp\/v2\/pages\/51\/revisions\/818"}],"wp:attachment":[{"href":"https:\/\/letsvisitperu.com\/pe\/wp-json\/wp\/v2\/media?parent=51"}],"curies":[{"name":"wp","href":"https:\/\/api.w.org\/{rel}","templated":true}]}}