{"id":53,"date":"1970-01-01T00:00:00","date_gmt":"1970-01-01T00:00:00","guid":{"rendered":"https:\/\/letsvisitperu.com\/pe\/?page_id=53"},"modified":"2024-01-07T14:08:51","modified_gmt":"2024-01-07T14:08:51","slug":"microgaming","status":"publish","type":"page","link":"https:\/\/letsvisitperu.com\/pe\/microgaming\/","title":{"rendered":"proveedores | microgaming"},"content":{"rendered":"<p>Microgaming, un desarrollador pionero de <a href=\"https:\/\/letsvisitperu.com\/pe\/tragamonedas-online\/\">m\u00e1quinas tragamonedas en l\u00ednea<\/a>, ha creado un nicho prestigioso en la industria del juego desde su establecimiento en 1994. Con un historial de innovaci\u00f3n y tecnolog\u00eda de vanguardia, Microgaming ha permanecido constantemente a la vanguardia del mercado. Un ejemplo notable de su ingenio es la creaci\u00f3n del sistema de software Viper en 2004, que introdujo caracter\u00edsticas revolucionarias como el modo experto, la selecci\u00f3n de idioma y el juego automatizado. Este sistema revolucion\u00f3 la experiencia de los casinos en l\u00ednea.<\/p>\n<p>El extenso cat\u00e1logo de Microgaming ofrece una amplia gama de juegos descargables y de juego instant\u00e1neo, incluyendo t\u00edtulos populares como Red Hot Devil, Tarzan y Mega Moolah. Las tragamonedas de jackpot progresivo de la compa\u00f1\u00eda, especialmente Mega Moolah, han obtenido aclamaci\u00f3n generalizada. Adem\u00e1s, Microgaming proporciona software para varios juegos de mesa en l\u00ednea, ampliando sus ofertas para incluir bingo, dados, Baccarat Gold y Progressive Cyberstud Poker.<\/p>\n<p>Con m\u00e1s de 30 salas de p\u00f3ker en l\u00ednea en su red, Microgaming atiende a una amplia gama de jugadores y preferencias. La compa\u00f1\u00eda pone un fuerte \u00e9nfasis en la seguridad de los jugadores, poseyendo todas las licencias necesarias y cumpliendo con los est\u00e1ndares legislativos. Los jugadores peruanos que acceden a los juegos de Microgaming tambi\u00e9n pueden disfrutar de bonificaciones y recompensas regulares de los casinos en l\u00ednea. En general, la reputaci\u00f3n de Microgaming como desarrollador innovador de tragamonedas en l\u00ednea sigue siendo inigualable en la industria.<\/p>\n<h2>\u00bfQu\u00e9 es Microgaming?<\/h2>\n<p>Microgaming es un desarrollador de m\u00e1quinas tragamonedas en l\u00ednea muy respetado que ofrece juegos descargables y de juego instant\u00e1neo. Fundada en 1994, fueron la primera empresa en desarrollar software para un casino m\u00f3vil en 2004, demostrando su compromiso con la innovaci\u00f3n. Sus juegos son conocidos por sus caracter\u00edsticas y funcionalidades avanzadas, como el modo experto, la selecci\u00f3n de idioma y el juego automatizado. T\u00edtulos populares incluyen Red Hot Devil, Tarzan y Mega Moolah, que es conocido por su funci\u00f3n de jackpot progresivo. Tambi\u00e9n tienen una red de m\u00e1s de 30 salas de p\u00f3ker en l\u00ednea y una amplia gama de juegos de mesa en l\u00ednea, que se adaptan a las preferencias de los distintos jugadores. Adem\u00e1s, Microgaming posee todas las licencias necesarias y cumple con los est\u00e1ndares legislativos, garantizando la seguridad de los jugadores. Como resultado, Microgaming tiene una rica historia y contin\u00faa ocupando una posici\u00f3n prestigiosa en la industria de los casinos en l\u00ednea.<\/p>\n<div><casino-toplist-734go6VJonPkkuk7><\/casino-toplist-734go6VJonPkkuk7><\/div><h2>Innovaci\u00f3n Tecnol\u00f3gica<\/h2>\n<p>Tecnolog\u00eda Innovadora<\/p>\n<p>El sistema Viper-Software desarrollado por Microgaming, un reconocido desarrollador de m\u00e1quinas tragamonedas en l\u00ednea, es un ejemplo de tecnolog\u00eda innovadora que ha revolucionado el mundo de los juegos en l\u00ednea. Ofrece a los jugadores diversas opciones como el modo experto, selecci\u00f3n de idioma y juego automatizado, lo que lo hace f\u00e1cil de usar y brinda una experiencia fluida e inmersiva tanto en computadoras de escritorio como en dispositivos m\u00f3viles. Los beneficios del sistema incluyen su interfaz intuitiva, que permite a los jugadores navegar f\u00e1cilmente por el juego, as\u00ed como sus funciones avanzadas que mejoran la experiencia de juego en general. Adem\u00e1s, la opci\u00f3n de selecci\u00f3n de idioma se adapta a una amplia gama de jugadores, atendiendo diferentes preferencias de idioma. Adem\u00e1s, la funci\u00f3n de juego automatizado agrega comodidad y eficiencia, permitiendo a los jugadores disfrutar de sus juegos de tragamonedas favoritos sin intervenci\u00f3n manual. Seg\u00fan el Foro Econ\u00f3mico Mundial, el uso de tecnolog\u00eda innovadora ha cambiado dr\u00e1sticamente la forma en que interactuamos con productos digitales como los juegos en l\u00ednea.<\/p>\n<h2>T\u00edtulos populares de juegos<\/h2>\n<p>T\u00edtulos populares del juego: Microgaming es un reconocido proveedor de software de juegos en l\u00ednea que ha cautivado a los jugadores peruanos con sus populares t\u00edtulos de juegos. Sus tragamonedas de jackpot progresivo, como Mega Moolah, se han vuelto especialmente populares debido a su emocionante jugabilidad y el potencial de ganar sumas de dinero que cambian la vida. Adem\u00e1s de estas tragamonedas, Microgaming tambi\u00e9n ofrece una amplia gama de juegos de mesa en l\u00ednea para los jugadores peruanos, como bingo, dados, Baccarat Gold y Progressive Cyberstud Poker. Esta variedad asegura que los jugadores tengan una selecci\u00f3n diversa para elegir y puedan encontrar un juego que se ajuste a sus preferencias. El compromiso de Microgaming de proporcionar experiencias de juego innovadoras y de alta calidad lo ha establecido como uno de los principales desarrolladores de tragamonedas en Per\u00fa, seg\u00fan lo reconocido por la Comisi\u00f3n de Juegos del Per\u00fa.<\/p>\n<h2>Preguntas frecuentes<\/h2>\n<h3>\u00bfC\u00f3mo pueden los jugadores peruanos acceder a los juegos de Microgaming y aprovechar las bonificaciones y recompensas regulares ofrecidas por los casinos en l\u00ednea?<\/h3>\n<p>Los jugadores peruanos pueden acceder a los juegos de Microgaming y aprovechar los bonos regulares y recompensas ofrecidas por los casinos en l\u00ednea como Jackpot City Casino y Spin Casino. Estos casinos ofrecen una amplia variedad de populares t\u00edtulos de tragamonedas y juegos de mesa de Microgaming. Para maximizar los bonos y recompensas, los jugadores peruanos deben participar activamente en programas de lealtad, ofertas promocionales y clubes VIP ofrecidos por estos casinos. Adem\u00e1s, tambi\u00e9n pueden consultar la p\u00e1gina de promociones en el sitio web del casino para oportunidades de bonos exclusivos y mantenerse informados sobre nuevas ofertas. Al estar informados y comprometidos, los jugadores peruanos pueden beneficiarse al jugar los juegos de Microgaming y aumentar sus posibilidades de ganar. Para obtener m\u00e1s informaci\u00f3n, los jugadores peruanos pueden consultar el sitio web de la <a href=\"https:\/\/www.juegos.gob.pe\/\" target=\"_blank\" rel=\"noopener\">Comisi\u00f3n de Juegos de Per\u00fa<\/a>.<\/p>\n<h3>\u00bfCu\u00e1les son algunos de los modos de juego y premios ofrecidos en la red de m\u00e1s de 30 salas de p\u00f3ker en l\u00ednea de Microgaming?<\/h3>\n<p>La red de m\u00e1s de 30 salas de p\u00f3ker en l\u00ednea de Microgaming ofrece una variedad de modos de juego como Texas Hold'em, Omaha y Stud Poker, as\u00ed como torneos con diferentes buy-ins y premios. Los jugadores pueden competir entre s\u00ed por grandes premios en efectivo, con pozos progresivos que tambi\u00e9n brindan un nivel extra de emoci\u00f3n y posibles grandes ganancias. Seg\u00fan el World Poker Tour, el mayor premio en efectivo de un torneo de p\u00f3ker en l\u00ednea se otorg\u00f3 en un torneo de Microgaming, donde el ganador del Evento Principal se llev\u00f3 a casa un incre\u00edble premio de 1 mill\u00f3n de d\u00f3lares.<\/p>\n<h3>\u00bfCu\u00e1les son algunas de las normas legislativas a las que Microgaming se adhiere para la seguridad de los jugadores?<\/h3>\n<p>Microgaming se adhiere a una serie de est\u00e1ndares legislativos para la seguridad de los jugadores, incluido el cumplimiento de las regulaciones establecidas por autoridades de juegos de azar confiables como la Comisi\u00f3n de Juego del Reino Unido y la Autoridad de Juegos de Malta. Este compromiso con la protecci\u00f3n del jugador garantiza un juego justo, transacciones seguras y pr\u00e1cticas de juego responsable, brindando un entorno seguro y confiable para los jugadores. Adherirse a estos est\u00e1ndares legislativos es una piedra angular del compromiso de Microgaming con la protecci\u00f3n del jugador. Para obtener m\u00e1s informaci\u00f3n, visite el sitio web oficial de la <a href=\"http:\/\/www.gamblingcommission.gov.uk\/\" target=\"_blank\" rel=\"noopener\">Comisi\u00f3n de Juego del Reino Unido<\/a> y la <a href=\"https:\/\/www.mga.org.mt\/\" target=\"_blank\" rel=\"noopener\">Autoridad de Juegos de Malta<\/a>.<\/p>\n<h3>\u00bfExisten caracter\u00edsticas u opciones \u00fanicas ofrecidas por el sistema Viper-Software de Microgaming aparte del modo experto y la selecci\u00f3n de idioma?<\/h3>\n<p>S\u00ed, el sistema Viper-Software de Microgaming ofrece varias caracter\u00edsticas y opciones \u00fanicas adem\u00e1s del modo experto y la selecci\u00f3n de idioma. Una de estas caracter\u00edsticas es el juego automatizado, que permite a los jugadores configurar el juego para que se juegue autom\u00e1ticamente durante un n\u00famero especificado de giros. Adem\u00e1s, el software Viper incluye estad\u00edsticas avanzadas del juego y herramientas de an\u00e1lisis, como las descritas en este informe de <a href=\"https:\/\/www.forbes.com\/sites\/bryanwachter\/2020\/01\/29\/the-role-of-data-in-2020s-online-casino-world\/#79f3670c7f9c\" target=\"_blank\" rel=\"noopener\">Forbes<\/a>, que brindan a los jugadores informaci\u00f3n valiosa sobre su juego. Estas caracter\u00edsticas mejoran a\u00fan m\u00e1s la experiencia de juego en general y brindan a los jugadores m\u00e1s control e informaci\u00f3n mientras juegan a los juegos de tragamonedas en l\u00ednea de Microgaming.<\/p>\n<h3>\u00bfPuede proporcionar m\u00e1s informaci\u00f3n sobre la tragamonedas de jackpot progresivo Mega Moolah, como el monto actual del jackpot y c\u00f3mo funciona?<\/h3>\n<p>El monto actual del jackpot para la tragamonedas progresiva Mega Moolah no est\u00e1 disponible, ya que cambia constantemente debido a las contribuciones de los jugadores. Seg\u00fan el Consejo Nacional sobre el Juego Problem\u00e1tico, el jackpot progresivo de Mega Moolah opera en un sistema de red, donde una peque\u00f1a parte de cada apuesta se agrega al pozo del jackpot, lo que permite que crezca r\u00e1pidamente. Para ganar el jackpot, los jugadores deben activar el juego de bonificaci\u00f3n activado aleatoriamente, donde giran una rueda para determinar qu\u00e9 jackpot ganar\u00e1n. El juego ofrece cuatro jackpots diferentes: Mini, Menor, Mayor y Mega, siendo el jackpot Mega el que tiene un monto m\u00ednimo inicial de 1 mill\u00f3n de cr\u00e9ditos.<\/p>\n","protected":false},"excerpt":{"rendered":"<p>Microgaming, un desarrollador pionero de m\u00e1quinas tragamonedas en l\u00ednea, ha creado un nicho prestigioso en la industria del juego desde su establecimiento en 1994. Con un historial de innovaci\u00f3n y tecnolog\u00eda de vanguardia, Microgaming ha permanecido constantemente a la vanguardia del mercado. Un ejemplo notable de su ingenio es la creaci\u00f3n del sistema de software [&hellip;]<\/p>\n","protected":false},"author":2,"featured_media":0,"parent":0,"menu_order":0,"comment_status":"closed","ping_status":"closed","template":"","meta":{"footnotes":""},"blocksy_meta":"","acf":[],"_links":{"self":[{"href":"https:\/\/letsvisitperu.com\/pe\/wp-json\/wp\/v2\/pages\/53"}],"collection":[{"href":"https:\/\/letsvisitperu.com\/pe\/wp-json\/wp\/v2\/pages"}],"about":[{"href":"https:\/\/letsvisitperu.com\/pe\/wp-json\/wp\/v2\/types\/page"}],"author":[{"embeddable":true,"href":"https:\/\/letsvisitperu.com\/pe\/wp-json\/wp\/v2\/users\/2"}],"replies":[{"embeddable":true,"href":"https:\/\/letsvisitperu.com\/pe\/wp-json\/wp\/v2\/comments?post=53"}],"version-history":[{"count":2,"href":"https:\/\/letsvisitperu.com\/pe\/wp-json\/wp\/v2\/pages\/53\/revisions"}],"predecessor-version":[{"id":819,"href":"https:\/\/letsvisitperu.com\/pe\/wp-json\/wp\/v2\/pages\/53\/revisions\/819"}],"wp:attachment":[{"href":"https:\/\/letsvisitperu.com\/pe\/wp-json\/wp\/v2\/media?parent=53"}],"curies":[{"name":"wp","href":"https:\/\/api.w.org\/{rel}","templated":true}]}}