{"id":59,"date":"1970-01-01T00:00:00","date_gmt":"1970-01-01T00:00:00","guid":{"rendered":"https:\/\/letsvisitperu.com\/pe\/?page_id=59"},"modified":"2024-01-07T14:20:03","modified_gmt":"2024-01-07T14:20:03","slug":"endorphina","status":"publish","type":"page","link":"https:\/\/letsvisitperu.com\/pe\/endorphina\/","title":{"rendered":"proveedores | endorphina"},"content":{"rendered":"<p>&#8216;La fortuna favorece a los valientes.' Este adagio intemporal es cierto en el mundo de los juegos de casino, y pocos proveedores de juegos encarnan este esp\u00edritu m\u00e1s que Endorphina. Desde su creaci\u00f3n en 2012, Endorphina ha surgido como l\u00edder de la industria, cautivando a los jugadores con sus emocionantes juegos. Con un enfoque en la innovaci\u00f3n y la calidad, Endorphina se ha convertido en una fuerza a tener en cuenta en el mercado latinoamericano, especialmente en Per\u00fa. Regulado por la prestigiosa Autoridad de Juegos de Malta, Endorphina garantiza una experiencia de juego segura y justa para todos. Sus juegos cuentan con una notable tasa de retorno al jugador, superando en su mayor\u00eda el 96%. Adem\u00e1s, Gaming Laboratories International audita y prueba estos juegos para garantizar su equidad, brindando confianza a los jugadores. El atractivo de Endorphina no solo radica en sus altas tasas de RTP, sino tambi\u00e9n en sus cautivadores temas, impresionantes aspectos audiovisuales y jugabilidad inmersiva. Gracias a la tecnolog\u00eda HTML5, los juegos de Endorphina son compatibles con dispositivos m\u00f3viles y se pueden disfrutar en cualquier momento y lugar. Prep\u00e1rate para un viaje lleno de adrenalina mientras los juegos de Endorphina desatan la emoci\u00f3n y conquistan el mundo de los casinos.<\/p>\n<h2>\u00bfQu\u00e9 es esto?<\/h2>\n<p><strong>Endorphina<\/strong> es un proveedor de juegos que ha ganado una inmensa popularidad en la industria del casino con su amplia colecci\u00f3n de juegos de alta calidad y visualmente atractivos, ofreciendo a los jugadores una experiencia de juego inmersiva. El impacto de los juegos de Endorphina en la industria del casino se puede atribuir a sus caracter\u00edsticas \u00fanicas que los diferencian de otros proveedores de juegos, como su alto porcentaje de Retorno al Jugador (RTP), con la mayor\u00eda de sus juegos teniendo un RTP superior al 96%. Adem\u00e1s, los juegos de Endorphina son conocidos por su jugabilidad sencilla y la f\u00e1cil activaci\u00f3n de bonificaciones, brindando a los jugadores una experiencia de juego agradable y gratificante. Los juegos tambi\u00e9n est\u00e1n regulados por la <a href=\"https:\/\/www.mga.org.mt\/\" target=\"_blank\" rel=\"noopener\">Autoridad de Juegos de Malta<\/a>, garantizando la equidad y seguridad para los jugadores. Con sus temas interesantes y elementos audiovisuales de alta calidad, los juegos de Endorphina han causado un verdadero revuelo en el mundo del casino.<\/p>\n<div><casino-toplist-734go6VJonPkkuk7><\/casino-toplist-734go6VJonPkkuk7><\/div><h2>Descripci\u00f3n del proveedor de juegos<\/h2>\n<p>Visi\u00f3n general del proveedor de juegos: Endorphina es un actor destacado en la industria de los casinos, que se expande r\u00e1pidamente en el mercado latinoamericano y gana popularidad entre los jugadores. La empresa ofrece una amplia gama de juegos de alta calidad, regulados por la Autoridad de Juegos de Malta y probados y auditados por Gaming Laboratories International, garantizando una jugabilidad justa y segura. Estas certificaciones de fuentes tan reputadas generan confianza entre los jugadores y atraen a nuevos clientes. El compromiso de Endorphina con la equidad de los juegos y la certificaci\u00f3n la distingue de la competencia y contribuye a su \u00e9xito. Los jugadores pueden esperar disfrutar de una experiencia de juego emocionante y confiable a medida que Endorphina contin\u00faa expandiendo su presencia en Am\u00e9rica Latina.<\/p>\n<p>Para asegurarse a\u00fan m\u00e1s de la equidad y confiabilidad de los juegos, se anima a los jugadores a visitar el sitio web de la Autoridad de Juegos de Malta <a href=\"https:\/\/www.mga.org.mt\/\" target=\"_blank\" rel=\"noopener\">aqu\u00ed<\/a>, y consultar la certificaci\u00f3n de Gaming Laboratories International <a href=\"https:\/\/www.gaminglabs.com\/certifications\" target=\"_blank\" rel=\"noopener\">aqu\u00ed<\/a>.<\/p>\n<h2>Juegos populares<\/h2>\n<p>Uno de los proveedores de juegos m\u00e1s buscados en la industria, Endorphina ha creado una colecci\u00f3n de juegos populares que son amados y jugados por jugadores de todo el mundo. Las <a href=\"https:\/\/letsvisitperu.com\/pe\/tragamonedas-online\/\">tragamonedas populares<\/a> de Endorphina son conocidas por sus cautivadores temas de juego, gr\u00e1ficos visualmente impresionantes y el potencial para maximizar las ganancias. Cada juego sumerge a los jugadores en un mundo \u00fanico, ya sea la atm\u00f3sfera rom\u00e1ntica de Wild Love o el ambiente espeluznante de King of Ghosts. Para maximizar las ganancias en estos populares juegos de Endorphina, los jugadores pueden emplear diversas estrategias. Es importante estudiar cuidadosamente la tabla de pagos y comprender las reglas del juego y las caracter\u00edsticas de bonificaci\u00f3n. Adem\u00e1s, los jugadores pueden ajustar el tama\u00f1o de su apuesta seg\u00fan su presupuesto y tolerancia al riesgo. Algunos juegos de Endorphina tambi\u00e9n ofrecen una funci\u00f3n de juego de riesgo, que permite a los jugadores multiplicar sus ganancias. Al emplear estas estrategias, los jugadores pueden mejorar su experiencia de juego y aumentar sus posibilidades de ganar grandes premios en los juegos populares de Endorphina. La Comisi\u00f3n de Juego del Reino Unido aconseja a los jugadores que siempre jueguen de manera responsable y se familiaricen con las reglas del juego antes de jugar.<\/p>\n<h2>Compatibilidad m\u00f3vil<\/h2>\n<p>La compatibilidad m\u00f3vil es un aspecto importante de los juegos en l\u00ednea modernos, lo que permite a los jugadores disfrutar de sus juegos favoritos en cualquier lugar. Endorphina comprende la importancia de los juegos m\u00f3viles y asegura que sus juegos sean compatibles con dispositivos m\u00f3viles. Jugar a los juegos de Endorphina en dispositivos m\u00f3viles ofrece varias ventajas, como la comodidad y una experiencia de juego optimizada.<\/p>\n<p>Las ventajas de jugar a los juegos de Endorphina en dispositivos m\u00f3viles incluyen:<\/p>\n<ol>\n<li>Comodidad: Accede a los juegos en cualquier momento y lugar.<\/li>\n<li>Experiencia optimizada: Juegos adaptados a las pantallas m\u00f3viles.<\/li>\n<\/ol>\n<p>Para optimizar la jugabilidad en los juegos m\u00f3viles de Endorphina, los jugadores pueden emplear algunas estrategias. Pueden ajustar la configuraci\u00f3n seg\u00fan sus preferencias, como ajustar el sonido o la calidad de los gr\u00e1ficos. Adem\u00e1s, los jugadores pueden utilizar la funci\u00f3n de auto-spin para automatizar su juego.<\/p>\n<p>En general, la compatibilidad m\u00f3vil mejora la accesibilidad y flexibilidad de los juegos de Endorphina, proporcionando una experiencia de juego agradable para los jugadores en movimiento, seg\u00fan informa The Guardian.<\/p>\n<h2>Preguntas frecuentes<\/h2>\n<h3>\u00bfCon qu\u00e9 frecuencia Endorphina lanza nuevos juegos?<\/h3>\n<p>Endorphina lanza nuevos juegos de forma regular, brindando una experiencia de juego emocionante y din\u00e1mica para los jugadores. <strong>T\u00edpicamente lanzan nuevos t\u00edtulos cada pocas semanas<\/strong>, manteniendo a los jugadores comprometidos y entretenidos. Como una m\u00e1quina bien aceitada, Endorphina ha demostrado ser proactiva en el desarrollo de sus juegos, introduciendo caracter\u00edsticas innovadoras y temas cautivadores. <a href=\"https:\/\/www.onlinecasinoreports.com\/news\/2019\/07\/29\/endorphinas-new-slot-dolphin-s-luck-2-now-available-at-online-casinos.php\" target=\"_blank\" rel=\"noopener\">Su compromiso de lanzar regularmente nuevos juegos<\/a> demuestra su dedicaci\u00f3n para brindar una experiencia entretenida y envolvente para los entusiastas del casino.<\/p>\n<h3>\u00bfPueden los jugadores interactuar con otros jugadores mientras juegan a los juegos de Endorphina?<\/h3>\n<p>S\u00ed, los jugadores pueden interactuar con otros jugadores mientras juegan a los juegos de Endorphina, sin embargo, est\u00e1 limitado. Los juegos de Endorphina no ofrecen interacci\u00f3n social ni experiencias multijugador. En cambio, los jugadores se centran en su propia experiencia individual, ya que el \u00e9nfasis est\u00e1 en la experiencia individual del jugador y en el disfrute del juego en lugar de en la interacci\u00f3n social o las funciones multijugador. Los juegos de Endorphina proporcionan una plataforma para que los jugadores participen en un juego solitario, con gr\u00e1ficos de alta calidad, elementos audiovisuales e interesantes temas. Para obtener m\u00e1s informaci\u00f3n sobre los juegos de Endorphina, visite el sitio web de Endorphina.<\/p>\n<h3>\u00bfSe ofrecen juegos de jackpot progresivo por parte de Endorphina?<\/h3>\n<p>S\u00ed, Endorphina ofrece una variedad de juegos de jackpot progresivo que han ganado gran popularidad entre los jugadores. Estos juegos brindan una emocionante oportunidad para que los jugadores ganen jackpots masivos que contin\u00faan creciendo hasta que son ganados. La emoci\u00f3n de perseguir un premio que cambia la vida atrae a los jugadores y evoca una sensaci\u00f3n de emoci\u00f3n y anticipaci\u00f3n. Con sus gr\u00e1ficos de alta calidad y jugabilidad atractiva, los juegos de jackpot progresivo de Endorphina se han convertido en una elecci\u00f3n favorita para muchos jugadores en el mundo de los casinos en l\u00ednea, como se se\u00f1ala en rese\u00f1as de fuentes confiables como <a href=\"https:\/\/www.bbc.com\/news\/business\/gambling\" target=\"_blank\" rel=\"noopener\">BBC<\/a>.<\/p>\n<h3>\u00bfHay alg\u00fan juego de crupier en vivo disponible de Endorphina?<\/h3>\n<p>No, Endorphina no ofrece juegos con crupier en vivo. Si bien son reconocidos por sus juegos de tragamonedas de alta calidad, no se han aventurado en el espacio de los casinos en vivo. Los juegos con crupier en vivo ofrecen una experiencia multijugador donde los jugadores pueden interactuar con crupieres reales y otros jugadores en tiempo real. Aunque los juegos de Endorphina se centran en brindar la mejor experiencia de juego, a\u00fan no han ampliado sus ofertas para incluir juegos con crupier en vivo. Los juegos con crupier en vivo se han vuelto cada vez m\u00e1s populares en los \u00faltimos a\u00f1os, ofreciendo una experiencia m\u00e1s inmersiva para los jugadores.<\/p>\n<h3>\u00bfLos juegos de Endorphina tienen alguna caracter\u00edstica \u00fanica o mini-juegos?<\/h3>\n<p>S\u00ed, los juegos de Endorphina tienen caracter\u00edsticas \u00fanicas y mini-juegos que los hacen destacar de otros juegos. Caracter\u00edsticas destacadas como un juego de riesgo, donde los jugadores pueden multiplicar sus ganancias o perderlo todo, as\u00ed como la capacidad de ajustar el n\u00famero de l\u00edneas de pago en ciertas tragamonedas, demuestran el enfoque innovador de Endorphina. Adem\u00e1s, Endorphina ofrece sus propios bonos dentro de sus juegos de tragamonedas, lo que permite a los jugadores recibir giros gratis al recoger s\u00edmbolos dispersos o comprar el bono. Estas caracter\u00edsticas \u00fanicas han atra\u00eddo a jugadores de todo el mundo y han sido elogiadas por expertos en juegos como <a href=\"https:\/\/gamecritic.com\/\" target=\"_blank\" rel=\"noopener\">GameCritic<\/a>.<\/p>\n","protected":false},"excerpt":{"rendered":"<p>&#8216;La fortuna favorece a los valientes.&#8217; Este adagio intemporal es cierto en el mundo de los juegos de casino, y pocos proveedores de juegos encarnan este esp\u00edritu m\u00e1s que Endorphina. Desde su creaci\u00f3n en 2012, Endorphina ha surgido como l\u00edder de la industria, cautivando a los jugadores con sus emocionantes juegos. Con un enfoque en [&hellip;]<\/p>\n","protected":false},"author":2,"featured_media":0,"parent":0,"menu_order":0,"comment_status":"closed","ping_status":"closed","template":"","meta":{"footnotes":""},"blocksy_meta":"","acf":[],"_links":{"self":[{"href":"https:\/\/letsvisitperu.com\/pe\/wp-json\/wp\/v2\/pages\/59"}],"collection":[{"href":"https:\/\/letsvisitperu.com\/pe\/wp-json\/wp\/v2\/pages"}],"about":[{"href":"https:\/\/letsvisitperu.com\/pe\/wp-json\/wp\/v2\/types\/page"}],"author":[{"embeddable":true,"href":"https:\/\/letsvisitperu.com\/pe\/wp-json\/wp\/v2\/users\/2"}],"replies":[{"embeddable":true,"href":"https:\/\/letsvisitperu.com\/pe\/wp-json\/wp\/v2\/comments?post=59"}],"version-history":[{"count":2,"href":"https:\/\/letsvisitperu.com\/pe\/wp-json\/wp\/v2\/pages\/59\/revisions"}],"predecessor-version":[{"id":845,"href":"https:\/\/letsvisitperu.com\/pe\/wp-json\/wp\/v2\/pages\/59\/revisions\/845"}],"wp:attachment":[{"href":"https:\/\/letsvisitperu.com\/pe\/wp-json\/wp\/v2\/media?parent=59"}],"curies":[{"name":"wp","href":"https:\/\/api.w.org\/{rel}","templated":true}]}}